{"id":51,"date":"2013-08-15T15:51:25","date_gmt":"2013-08-15T13:51:25","guid":{"rendered":"http:\/\/maldive.evolutiontravel.it\/infovacanze\/?page_id=51"},"modified":"2017-12-20T10:01:35","modified_gmt":"2017-12-20T09:01:35","slug":"cosa-portare","status":"publish","type":"page","link":"https:\/\/maldive.evolutiontravel.it\/infovacanze\/informazioni\/cosa-portare\/","title":{"rendered":"Cosa portare alle Maldive?"},"content":{"rendered":"<p>Dall&#8217;abbigliamento agli accessori, ai farmaci e altre utilit\u00e0: ecco <strong>qualche consiglio su cosa portare con s\u00e8 alle Maldive<\/strong>.<\/p>\n<p>Innanzitutto \u00e8 bene ricordarsi che questa destinazione ha\u00a0 <a href=\"http:\/\/maldive.evolutiontravel.it\/infovacanze\/clima\/\"><strong>condizioni climatiche particolari e instabili<\/strong><\/a> e, quindi, \u00e8 bene prepararsi con una certa accortezza.<\/p>\n<p><strong>Per l\u2019abbigliamento<\/strong> consigliamo magliette, vestiti, parei, pantaloni di cotone. Generalmente, il costume da bagno \u00e8 quel che si indossa per la maggior parte del tempo. Non dimenticatevi di portare con voi un cappello o una bandana\u00a0 e un paio di occhiali da sole e creme solari ad alta protezione.<\/p>\n<p>\u00c8 possibile camminare scalzi perch\u00e9 <strong>la sabbia corallina non causa scottature<\/strong>, ma non devono mancare un paio di ciabatte o di infradito, per poter stare comodi durante eventuali trasferte, o visite all\u2019isola dei pescatori, siate comodi.<\/p>\n<p>Considerando la bellezza del paesaggio, \u00e8 quasi obbligatorio portare con s\u00e9 una <strong>maschera, un paio di pinne ed un boccaglio, <\/strong>ma anche se non riusciste a portarli con voi, potrete sempre trovarli <strong>presso i villaggi<\/strong>, alle volte addirittura <strong>gratuitamente<\/strong>.<\/p>\n<p>Non dimenticate una <strong>fotocamera in grado per scatti subacquei<\/strong>: la bellezza dei fondali merita di essere ripresa con una macchina fotografica in grado di immortalare i momenti pi\u00f9 belli della vostra vacanza.<\/p>\n<p>Qualora non abbiate una fotocamera di questo genere, vi consigliamo di acquistarne una di quelle \u201cusa e getta\u201d in vendita in Italia, giacch\u00e9 alle Maldive, sono vendute ad un prezzo ben maggiore.<\/p>\n<p>Per quanto riguarda<strong> i farmaci<\/strong>, ricordatevi un antibiotico ad ampio spettro, un disinfettante, una crema per le scottature, gocce per le orecchie e un medicinale contro la dissenteria, unitamente ad un integratore di sali. Non dimenticatevi dei farmaci che assumete abitualmente.<\/p>\n<p>Prestate attenzione se fate usate di psicotropi, quali ansiolitici, barbiturici e neurolettici: <strong>portate con voi la ricetta medica<\/strong>, tradotta in inglese, giacch\u00e9 \u00e8 vietato importare questo genere di prodotti farmaceutici.<\/p>\n<p>Infine ricordate di mettere in valigia anche: un <strong>adattatore <\/strong>per la presa di corrente<strong>, asciugacapelli <\/strong>e<strong> ombrello<\/strong>.<\/p>\n<h3 style=\"text-align: center\"><strong>Offerte viaggi e vacanze alle Maldive<\/strong><\/h3>\n<p>Guarda subito <strong><span style=\"color: #008000\">TUTTI I DETTAGLI DELLA VACANZA<\/span><\/strong> alle Maldive: <strong><span style=\"color: #008000\">CLICCA SULLE ULTIME OFFERTE<\/span><\/strong> pubblicate e scopri <strong>programma<\/strong>, <strong>costi<\/strong>, <strong>attivit\u00e0, commenti dei viaggiatori <\/strong>e molto altro ancora!<\/p>\n<div class=\"feedzy-01b4559bb7ec39e82813e11994521534 feedzy-rss\">\n\t\t<ul class=\"feedzy-style2\">\n\t\t\t\t\t<li  style=\"padding: 23px 0 38px\" class=\"rss_item feedzy-rss-col-3\" >\n\t\t\t\t\t\t\t\t\t<div class=\"rss_image\" style=\"width:225px; height:225px;\">\n\t\t\t\t\t\t<a href=\"https:\/\/maldive.evolutiontravel.it\/it_IT\/897\/tab\/29914_angaga-island-resort.html\" target=\"_blank\" \n\t\t\t\t\t\t\trel=\"noopener \"\n\t\t\t\t\t\t\ttitle=\"Angaga Island Resort\"\n\t\t\t\t\t\t\tstyle=\"width:225px; height:225px;\">\n\t\t\t\t\t\t\t<span class=\"fetched\" style=\"background-image:  url('http:\/\/etcdn.net\/thumbnails\/29914\/it-atollo-di-ari-angaga-island-resort-7bf76.jpg');\" title=\"Angaga Island Resort\"><\/span><amp-img width=\"225\" height=\"225\" src=\"http:\/\/etcdn.net\/thumbnails\/29914\/it-atollo-di-ari-angaga-island-resort-7bf76.jpg\">\t\t\t\t\t\t<\/a>\n\t\t\t\t\t<\/div>\n\t\t\t\t\t\t\t\t<div class=\"rss_content_wrap\">\n\t\t\t\t\t<span class=\"title\">\n\t\t\t\t\t\t<a href=\"https:\/\/maldive.evolutiontravel.it\/it_IT\/897\/tab\/29914_angaga-island-resort.html\" target=\"_blank\"  rel=\"noopener \">\n\t\t\t\t\t\t\tAngaga Island Resort\t\t\t\t\t\t<\/a>\n\t\t\t\t\t<\/span>\n\t\t\t\t\t<div class=\"rss_content\"\n\t\t\t\t\t\t\tstyle=\"\">\n\t\t\t\t\t\t\n\t\t\t\t\t\t\t\t\t\t\t\t<p class=\"description\">Classica isola rotonda, bellissima spiaggia, splendida laguna e barriera corallina a poche pinnate dalla riva , Angaga ha [&hellip;]<\/p>\n\t\t\t\t\t\t\n\t\t\t\t\t\t\t\t\t\t\t\t\t\t\t\t\t\t\t<div class=\"price-wrap\">\n\t\t\t\t\t\t\t\t<a href=\"https:\/\/maldive.evolutiontravel.it\/it_IT\/897\/tab\/29914_angaga-island-resort.html\" target=\"_blank\" rel=\"noopener\"><button class=\"price\"> 1810<\/button><\/a>\n\t\t\t\t\t\t\t<\/div>\n\t\t\t\t\t\t\t\t\t\t\t<\/div>\n\t\t\t\t<\/div>\n\t\t\t<\/li>\n\t\t\t\t\t\t<li  style=\"padding: 23px 0 38px\" class=\"rss_item feedzy-rss-col-3\" >\n\t\t\t\t\t\t\t\t\t<div class=\"rss_image\" style=\"width:225px; height:225px;\">\n\t\t\t\t\t\t<a href=\"https:\/\/maldive.evolutiontravel.it\/it_IT\/897\/tab\/6018_my-dhonkamana-5-stelle.html\" target=\"_blank\" \n\t\t\t\t\t\t\trel=\"noopener \"\n\t\t\t\t\t\t\ttitle=\"M\/Y Dhonkamana 5 stelle\"\n\t\t\t\t\t\t\tstyle=\"width:225px; height:225px;\">\n\t\t\t\t\t\t\t<span class=\"fetched\" style=\"background-image:  url('http:\/\/etcdn.net\/thumbnails\/6018\/it-maldive-my-dhonkamana-5-stelle-4c226.jpg');\" title=\"M\/Y Dhonkamana 5 stelle\"><\/span><amp-img width=\"225\" height=\"225\" src=\"http:\/\/etcdn.net\/thumbnails\/6018\/it-maldive-my-dhonkamana-5-stelle-4c226.jpg\">\t\t\t\t\t\t<\/a>\n\t\t\t\t\t<\/div>\n\t\t\t\t\t\t\t\t<div class=\"rss_content_wrap\">\n\t\t\t\t\t<span class=\"title\">\n\t\t\t\t\t\t<a href=\"https:\/\/maldive.evolutiontravel.it\/it_IT\/897\/tab\/6018_my-dhonkamana-5-stelle.html\" target=\"_blank\"  rel=\"noopener \">\n\t\t\t\t\t\t\tM\/Y Dhonkamana 5 stelle\t\t\t\t\t\t<\/a>\n\t\t\t\t\t<\/span>\n\t\t\t\t\t<div class=\"rss_content\"\n\t\t\t\t\t\t\tstyle=\"\">\n\t\t\t\t\t\t\n\t\t\t\t\t\t\t\t\t\t\t\t<p class=\"description\">Alla scoperta degliatolli maldiviani pi\u00f9 remoti con un'imbarcazione davvero confortevole lunga 31 metri con centro benessere e [&hellip;]<\/p>\n\t\t\t\t\t\t\n\t\t\t\t\t\t\t\t\t\t\t\t\t\t\t\t\t\t\t<div class=\"price-wrap\">\n\t\t\t\t\t\t\t\t<a href=\"https:\/\/maldive.evolutiontravel.it\/it_IT\/897\/tab\/6018_my-dhonkamana-5-stelle.html\" target=\"_blank\" rel=\"noopener\"><button class=\"price\"> 1581<\/button><\/a>\n\t\t\t\t\t\t\t<\/div>\n\t\t\t\t\t\t\t\t\t\t\t<\/div>\n\t\t\t\t<\/div>\n\t\t\t<\/li>\n\t\t\t\t\t\t<li  style=\"padding: 23px 0 38px\" class=\"rss_item feedzy-rss-col-3\" >\n\t\t\t\t\t\t\t\t\t<div class=\"rss_image\" style=\"width:225px; height:225px;\">\n\t\t\t\t\t\t<a href=\"https:\/\/maldive.evolutiontravel.it\/it_IT\/897\/tab\/40858_avventura-di-pesca-tra-gli-atolli-meno-esplorati.html\" target=\"_blank\" \n\t\t\t\t\t\t\trel=\"noopener \"\n\t\t\t\t\t\t\ttitle=\"Avventura di pesca tra gli atolli meno esplorati\"\n\t\t\t\t\t\t\tstyle=\"width:225px; height:225px;\">\n\t\t\t\t\t\t\t<span class=\"fetched\" style=\"background-image:  url('http:\/\/etcdn.net\/thumbnails\/40858\/it-maldive-avventura-di-pesca-tra-gli-atolli-meno-esplorati-83afd.jpg');\" title=\"Avventura di pesca tra gli atolli meno esplorati\"><\/span><amp-img width=\"225\" height=\"225\" src=\"http:\/\/etcdn.net\/thumbnails\/40858\/it-maldive-avventura-di-pesca-tra-gli-atolli-meno-esplorati-83afd.jpg\">\t\t\t\t\t\t<\/a>\n\t\t\t\t\t<\/div>\n\t\t\t\t\t\t\t\t<div class=\"rss_content_wrap\">\n\t\t\t\t\t<span class=\"title\">\n\t\t\t\t\t\t<a href=\"https:\/\/maldive.evolutiontravel.it\/it_IT\/897\/tab\/40858_avventura-di-pesca-tra-gli-atolli-meno-esplorati.html\" target=\"_blank\"  rel=\"noopener \">\n\t\t\t\t\t\t\tAvventura di pesca tra gli atolli meno esplorati\t\t\t\t\t\t<\/a>\n\t\t\t\t\t<\/span>\n\t\t\t\t\t<div class=\"rss_content\"\n\t\t\t\t\t\t\tstyle=\"\">\n\t\t\t\t\t\t\n\t\t\t\t\t\t\t\t\t\t\t\t<p class=\"description\">Pescare in paradiso e vivere l'avventura<\/p>\n\t\t\t\t\t\t\n\t\t\t\t\t\t\t\t\t\t\t\t\t\t\t\t\t\t\t<div class=\"price-wrap\">\n\t\t\t\t\t\t\t\t<a href=\"https:\/\/maldive.evolutiontravel.it\/it_IT\/897\/tab\/40858_avventura-di-pesca-tra-gli-atolli-meno-esplorati.html\" target=\"_blank\" rel=\"noopener\"><button class=\"price\"> 2750<\/button><\/a>\n\t\t\t\t\t\t\t<\/div>\n\t\t\t\t\t\t\t\t\t\t\t<\/div>\n\t\t\t\t<\/div>\n\t\t\t<\/li>\n\t\t\t\t\t\t<li  style=\"padding: 23px 0 38px\" class=\"rss_item feedzy-rss-col-3\" >\n\t\t\t\t\t\t\t\t\t<div class=\"rss_image\" style=\"width:225px; height:225px;\">\n\t\t\t\t\t\t<a href=\"https:\/\/maldive.evolutiontravel.it\/it_IT\/897\/tab\/34428_filitheyo-island-resort.html\" target=\"_blank\" \n\t\t\t\t\t\t\trel=\"noopener \"\n\t\t\t\t\t\t\ttitle=\"Filitheyo Island Resort\"\n\t\t\t\t\t\t\tstyle=\"width:225px; height:225px;\">\n\t\t\t\t\t\t\t<span class=\"fetched\" style=\"background-image:  url('http:\/\/etcdn.net\/thumbnails\/34428\/it-atollo-di-faafu-filitheyo-island-resort-688ad.jpg');\" title=\"Filitheyo Island Resort\"><\/span><amp-img width=\"225\" height=\"225\" src=\"http:\/\/etcdn.net\/thumbnails\/34428\/it-atollo-di-faafu-filitheyo-island-resort-688ad.jpg\">\t\t\t\t\t\t<\/a>\n\t\t\t\t\t<\/div>\n\t\t\t\t\t\t\t\t<div class=\"rss_content_wrap\">\n\t\t\t\t\t<span class=\"title\">\n\t\t\t\t\t\t<a href=\"https:\/\/maldive.evolutiontravel.it\/it_IT\/897\/tab\/34428_filitheyo-island-resort.html\" target=\"_blank\"  rel=\"noopener \">\n\t\t\t\t\t\t\tFilitheyo Island Resort\t\t\t\t\t\t<\/a>\n\t\t\t\t\t<\/span>\n\t\t\t\t\t<div class=\"rss_content\"\n\t\t\t\t\t\t\tstyle=\"\">\n\t\t\t\t\t\t\n\t\t\t\t\t\t\t\t\t\t\t\t<p class=\"description\">Un'isola di medie dimensioni nell'atollo di Faafu, a 120 Km da Male raggiungibile in circa 35 minuti di idrovolante. [&hellip;]<\/p>\n\t\t\t\t\t\t\n\t\t\t\t\t\t\t\t\t\t\t\t\t\t\t\t\t\t\t<div class=\"price-wrap\">\n\t\t\t\t\t\t\t\t<a href=\"https:\/\/maldive.evolutiontravel.it\/it_IT\/897\/tab\/34428_filitheyo-island-resort.html\" target=\"_blank\" rel=\"noopener\"><button class=\"price\"> 1890<\/button><\/a>\n\t\t\t\t\t\t\t<\/div>\n\t\t\t\t\t\t\t\t\t\t\t<\/div>\n\t\t\t\t<\/div>\n\t\t\t<\/li>\n\t\t\t\t\t\t<li  style=\"padding: 23px 0 38px\" class=\"rss_item feedzy-rss-col-3\" >\n\t\t\t\t\t\t\t\t\t<div class=\"rss_image\" style=\"width:225px; height:225px;\">\n\t\t\t\t\t\t<a href=\"https:\/\/maldive.evolutiontravel.it\/it_IT\/897\/tab\/34657_thulhagiri-island-resort.html\" target=\"_blank\" \n\t\t\t\t\t\t\trel=\"noopener \"\n\t\t\t\t\t\t\ttitle=\"Thulhagiri Island Resort\"\n\t\t\t\t\t\t\tstyle=\"width:225px; height:225px;\">\n\t\t\t\t\t\t\t<span class=\"fetched\" style=\"background-image:  url('http:\/\/etcdn.net\/thumbnails\/34657\/it-atollo-di-male-nord-thulhagiri-island-resort-8177e.jpg');\" title=\"Thulhagiri Island Resort\"><\/span><amp-img width=\"225\" height=\"225\" src=\"http:\/\/etcdn.net\/thumbnails\/34657\/it-atollo-di-male-nord-thulhagiri-island-resort-8177e.jpg\">\t\t\t\t\t\t<\/a>\n\t\t\t\t\t<\/div>\n\t\t\t\t\t\t\t\t<div class=\"rss_content_wrap\">\n\t\t\t\t\t<span class=\"title\">\n\t\t\t\t\t\t<a href=\"https:\/\/maldive.evolutiontravel.it\/it_IT\/897\/tab\/34657_thulhagiri-island-resort.html\" target=\"_blank\"  rel=\"noopener \">\n\t\t\t\t\t\t\tThulhagiri Island Resort\t\t\t\t\t\t<\/a>\n\t\t\t\t\t<\/span>\n\t\t\t\t\t<div class=\"rss_content\"\n\t\t\t\t\t\t\tstyle=\"\">\n\t\t\t\t\t\t\n\t\t\t\t\t\t\t\t\t\t\t\t<p class=\"description\">Il Thulhagiri Island Resort \u00e8 situato nell'atollo di Male Nord, a circa 25 minuti di barca veloce dall'aeroporto, il resort si [&hellip;]<\/p>\n\t\t\t\t\t\t\n\t\t\t\t\t\t\t\t\t\t\t\t\t\t\t\t\t\t\t<div class=\"price-wrap\">\n\t\t\t\t\t\t\t\t<a href=\"https:\/\/maldive.evolutiontravel.it\/it_IT\/897\/tab\/34657_thulhagiri-island-resort.html\" target=\"_blank\" rel=\"noopener\"><button class=\"price\"> 1550<\/button><\/a>\n\t\t\t\t\t\t\t<\/div>\n\t\t\t\t\t\t\t\t\t\t\t<\/div>\n\t\t\t\t<\/div>\n\t\t\t<\/li>\n\t\t\t\t\t\t<li  style=\"padding: 23px 0 38px\" class=\"rss_item feedzy-rss-col-3\" >\n\t\t\t\t\t\t\t\t\t<div class=\"rss_image\" style=\"width:225px; height:225px;\">\n\t\t\t\t\t\t<a href=\"https:\/\/maldive.evolutiontravel.it\/it_IT\/897\/tab\/40165_ayada-maldives.html\" target=\"_blank\" \n\t\t\t\t\t\t\trel=\"noopener \"\n\t\t\t\t\t\t\ttitle=\"Ayada Maldives\"\n\t\t\t\t\t\t\tstyle=\"width:225px; height:225px;\">\n\t\t\t\t\t\t\t<span class=\"fetched\" style=\"background-image:  url('http:\/\/etcdn.net\/thumbnails\/40165\/it-maldive-ayada-maldives-7f9b1.jpg');\" title=\"Ayada Maldives\"><\/span><amp-img width=\"225\" height=\"225\" src=\"http:\/\/etcdn.net\/thumbnails\/40165\/it-maldive-ayada-maldives-7f9b1.jpg\">\t\t\t\t\t\t<\/a>\n\t\t\t\t\t<\/div>\n\t\t\t\t\t\t\t\t<div class=\"rss_content_wrap\">\n\t\t\t\t\t<span class=\"title\">\n\t\t\t\t\t\t<a href=\"https:\/\/maldive.evolutiontravel.it\/it_IT\/897\/tab\/40165_ayada-maldives.html\" target=\"_blank\"  rel=\"noopener \">\n\t\t\t\t\t\t\tAyada Maldives\t\t\t\t\t\t<\/a>\n\t\t\t\t\t<\/span>\n\t\t\t\t\t<div class=\"rss_content\"\n\t\t\t\t\t\t\tstyle=\"\">\n\t\t\t\t\t\t\n\t\t\t\t\t\t\t\t\t\t\t\t<p class=\"description\">Situato su una bellissima isola privata con spiagge incontaminate e lussureggiante vegetazione tropicale, Ayada Maldives offre un [&hellip;]<\/p>\n\t\t\t\t\t\t\n\t\t\t\t\t\t\t\t\t\t\t\t\t\t\t\t\t\t\t<div class=\"price-wrap\">\n\t\t\t\t\t\t\t\t<a href=\"https:\/\/maldive.evolutiontravel.it\/it_IT\/897\/tab\/40165_ayada-maldives.html\" target=\"_blank\" rel=\"noopener\"><button class=\"price\"> 3520<\/button><\/a>\n\t\t\t\t\t\t\t<\/div>\n\t\t\t\t\t\t\t\t\t\t\t<\/div>\n\t\t\t\t<\/div>\n\t\t\t<\/li>\n\t\t\t\t<\/ul>\n<\/div>\n<style type=\"text\/css\" media=\"all\">.feedzy-rss .rss_item .rss_image{float:left;position:relative;border:none;text-decoration:none;max-width:100%}.feedzy-rss .rss_item .rss_image span{display:inline-block;position:absolute;width:100%;height:100%;background-position:50%;background-size:cover}.feedzy-rss .rss_item .rss_image{margin:.3em 1em 0 0;content-visibility:auto}.feedzy-rss ul{list-style:none}.feedzy-rss ul li{display:inline-block}<\/style>\n","protected":false},"excerpt":{"rendered":"<p>Dall&#8217;abbigliamento agli accessori, ai farmaci e altre utilit\u00e0: ecco qualche consiglio su cosa portare con s\u00e8 alle Maldive. Innanzitutto \u00e8 bene ricordarsi che questa destinazione ha\u00a0 condizioni climatiche particolari e instabili e, quindi, \u00e8 bene prepararsi con una certa accortezza. Per l\u2019abbigliamento consigliamo magliette, vestiti, parei, pantaloni di cotone. Generalmente, il costume da bagno \u00e8 <a class=\"moretag\" href=\"https:\/\/maldive.evolutiontravel.it\/infovacanze\/informazioni\/cosa-portare\/\">[&#8230;]<\/a><\/p>\n","protected":false},"author":6,"featured_media":0,"parent":12,"menu_order":0,"comment_status":"closed","ping_status":"open","template":"templates\/template-with-right-sidebar.php","meta":{"footnotes":""},"yoast_head":"<!-- This site is optimized with the Yoast SEO plugin v21.9.1 - https:\/\/yoast.com\/wordpress\/plugins\/seo\/ -->\n<title>Cosa portare in valigia per le vacanze alle Maldive - Consigli di viaggio<\/title>\n<meta name=\"description\" content=\"Qualche utile consiglio per organizzare la vostra vacanza alle Maldive senza dimenticare nulla: ecco cosa mettere in valigia!\" \/>\n<meta name=\"robots\" content=\"index, follow, max-snippet:-1, max-image-preview:large, max-video-preview:-1\" \/>\n<link rel=\"canonical\" href=\"https:\/\/maldive.evolutiontravel.it\/infovacanze\/informazioni\/cosa-portare\/\" \/>\n<meta name=\"twitter:label1\" content=\"Tempo di lettura stimato\" \/>\n\t<meta name=\"twitter:data1\" content=\"2 minuti\" \/>\n<script type=\"application\/ld+json\" class=\"yoast-schema-graph\">{\"@context\":\"https:\/\/schema.org\",\"@graph\":[{\"@type\":\"WebPage\",\"@id\":\"https:\/\/maldive.evolutiontravel.it\/infovacanze\/informazioni\/cosa-portare\/\",\"url\":\"https:\/\/maldive.evolutiontravel.it\/infovacanze\/informazioni\/cosa-portare\/\",\"name\":\"Cosa portare in valigia per le vacanze alle Maldive - Consigli di viaggio\",\"isPartOf\":{\"@id\":\"https:\/\/maldive.evolutiontravel.it\/infovacanze\/#website\"},\"datePublished\":\"2013-08-15T13:51:25+00:00\",\"dateModified\":\"2017-12-20T09:01:35+00:00\",\"description\":\"Qualche utile consiglio per organizzare la vostra vacanza alle Maldive senza dimenticare nulla: ecco cosa mettere in valigia!\",\"breadcrumb\":{\"@id\":\"https:\/\/maldive.evolutiontravel.it\/infovacanze\/informazioni\/cosa-portare\/#breadcrumb\"},\"inLanguage\":\"it-IT\",\"potentialAction\":[{\"@type\":\"ReadAction\",\"target\":[\"https:\/\/maldive.evolutiontravel.it\/infovacanze\/informazioni\/cosa-portare\/\"]}]},{\"@type\":\"BreadcrumbList\",\"@id\":\"https:\/\/maldive.evolutiontravel.it\/infovacanze\/informazioni\/cosa-portare\/#breadcrumb\",\"itemListElement\":[{\"@type\":\"ListItem\",\"position\":1,\"name\":\"Informazioni utili sulle Maldive\",\"item\":\"https:\/\/maldive.evolutiontravel.it\/infovacanze\/informazioni\/\"},{\"@type\":\"ListItem\",\"position\":2,\"name\":\"Cosa portare alle Maldive?\"}]},{\"@type\":\"WebSite\",\"@id\":\"https:\/\/maldive.evolutiontravel.it\/infovacanze\/#website\",\"url\":\"https:\/\/maldive.evolutiontravel.it\/infovacanze\/\",\"name\":\"Maldive\",\"description\":\"\",\"potentialAction\":[{\"@type\":\"SearchAction\",\"target\":{\"@type\":\"EntryPoint\",\"urlTemplate\":\"https:\/\/maldive.evolutiontravel.it\/infovacanze\/?s={search_term_string}\"},\"query-input\":\"required name=search_term_string\"}],\"inLanguage\":\"it-IT\"}]}<\/script>\n<!-- \/ Yoast SEO plugin. -->","yoast_head_json":{"title":"Cosa portare in valigia per le vacanze alle Maldive - Consigli di viaggio","description":"Qualche utile consiglio per organizzare la vostra vacanza alle Maldive senza dimenticare nulla: ecco cosa mettere in valigia!","robots":{"index":"index","follow":"follow","max-snippet":"max-snippet:-1","max-image-preview":"max-image-preview:large","max-video-preview":"max-video-preview:-1"},"canonical":"https:\/\/maldive.evolutiontravel.it\/infovacanze\/informazioni\/cosa-portare\/","twitter_misc":{"Tempo di lettura stimato":"2 minuti"},"schema":{"@context":"https:\/\/schema.org","@graph":[{"@type":"WebPage","@id":"https:\/\/maldive.evolutiontravel.it\/infovacanze\/informazioni\/cosa-portare\/","url":"https:\/\/maldive.evolutiontravel.it\/infovacanze\/informazioni\/cosa-portare\/","name":"Cosa portare in valigia per le vacanze alle Maldive - Consigli di viaggio","isPartOf":{"@id":"https:\/\/maldive.evolutiontravel.it\/infovacanze\/#website"},"datePublished":"2013-08-15T13:51:25+00:00","dateModified":"2017-12-20T09:01:35+00:00","description":"Qualche utile consiglio per organizzare la vostra vacanza alle Maldive senza dimenticare nulla: ecco cosa mettere in valigia!","breadcrumb":{"@id":"https:\/\/maldive.evolutiontravel.it\/infovacanze\/informazioni\/cosa-portare\/#breadcrumb"},"inLanguage":"it-IT","potentialAction":[{"@type":"ReadAction","target":["https:\/\/maldive.evolutiontravel.it\/infovacanze\/informazioni\/cosa-portare\/"]}]},{"@type":"BreadcrumbList","@id":"https:\/\/maldive.evolutiontravel.it\/infovacanze\/informazioni\/cosa-portare\/#breadcrumb","itemListElement":[{"@type":"ListItem","position":1,"name":"Informazioni utili sulle Maldive","item":"https:\/\/maldive.evolutiontravel.it\/infovacanze\/informazioni\/"},{"@type":"ListItem","position":2,"name":"Cosa portare alle Maldive?"}]},{"@type":"WebSite","@id":"https:\/\/maldive.evolutiontravel.it\/infovacanze\/#website","url":"https:\/\/maldive.evolutiontravel.it\/infovacanze\/","name":"Maldive","description":"","potentialAction":[{"@type":"SearchAction","target":{"@type":"EntryPoint","urlTemplate":"https:\/\/maldive.evolutiontravel.it\/infovacanze\/?s={search_term_string}"},"query-input":"required name=search_term_string"}],"inLanguage":"it-IT"}]}},"_links":{"self":[{"href":"https:\/\/maldive.evolutiontravel.it\/infovacanze\/wp-json\/wp\/v2\/pages\/51"}],"collection":[{"href":"https:\/\/maldive.evolutiontravel.it\/infovacanze\/wp-json\/wp\/v2\/pages"}],"about":[{"href":"https:\/\/maldive.evolutiontravel.it\/infovacanze\/wp-json\/wp\/v2\/types\/page"}],"author":[{"embeddable":true,"href":"https:\/\/maldive.evolutiontravel.it\/infovacanze\/wp-json\/wp\/v2\/users\/6"}],"replies":[{"embeddable":true,"href":"https:\/\/maldive.evolutiontravel.it\/infovacanze\/wp-json\/wp\/v2\/comments?post=51"}],"version-history":[{"count":9,"href":"https:\/\/maldive.evolutiontravel.it\/infovacanze\/wp-json\/wp\/v2\/pages\/51\/revisions"}],"predecessor-version":[{"id":950,"href":"https:\/\/maldive.evolutiontravel.it\/infovacanze\/wp-json\/wp\/v2\/pages\/51\/revisions\/950"}],"up":[{"embeddable":true,"href":"https:\/\/maldive.evolutiontravel.it\/infovacanze\/wp-json\/wp\/v2\/pages\/12"}],"wp:attachment":[{"href":"https:\/\/maldive.evolutiontravel.it\/infovacanze\/wp-json\/wp\/v2\/media?parent=51"}],"curies":[{"name":"wp","href":"https:\/\/api.w.org\/{rel}","templated":true}]}}