{"id":506,"date":"2014-03-26T17:12:16","date_gmt":"2014-03-26T16:12:16","guid":{"rendered":"http:\/\/maldive.evolutiontravel.it\/infovacanze\/?page_id=506"},"modified":"2018-10-31T11:47:03","modified_gmt":"2018-10-31T10:47:03","slug":"meteo-maldive-15-giorni","status":"publish","type":"page","link":"https:\/\/maldive.evolutiontravel.it\/infovacanze\/informazioni\/meteo-maldive-15-giorni\/","title":{"rendered":"Meteo di 2 settimane alle Maldive"},"content":{"rendered":"<p>Trascorrere <strong>15 giorni alle Maldive <\/strong>\u00e8 il modo ideale per godersi l&#8217;arcipelago, in qualsiasi momento dell\u2019anno perch\u00e8 due settimane vi consentiranno di avere un clima piacevole anche se siete qui in vacanza durante un periodo instabile (<a title=\"costi maldive\" href=\"https:\/\/maldive.evolutiontravel.it\/infovacanze\/viaggi\/costo-del-viaggio\/\">magari per risparmiare sul viaggio<\/a>).<\/p>\n<p>Come noto le condizioni meteorologiche sulle isole dell&#8217;arcipelao sono piuttosto instabili, ci\u00f2 \u00e8 dovuto all <strong>natura stessa dell\u2019arcipelago<\/strong>, alla sua <strong>posizione sull\u2019equatore<\/strong>, alle <strong>acque calde<\/strong> che lo circondano e alla <strong>temperatura dell\u2019aria sempre calda<\/strong>.<\/p>\n<p>La mutevolezza del cielo \u00e8 per\u00f2 pari alla velocit\u00e0 delle schiarite che solo in rari casi si protraggono per diversi giorni, per cui avendo a diposizione una vacanza di 15 giorni riuscirete a vedere tutte le sfumature del <strong>cielo maldiviano<\/strong>.<\/p>\n<p>Si pu\u00f2 presentare con diverse sfumature che vanno dal limpido e sereno, attraversate da qualche velature con nuvole basse, per diventare velato e non troppo scuro, e poi farsi sempre pi\u00f9 scuro con piogge anche intense accompagnate da venti, il tutto per\u00f2 ripeto non dura mai molto a lungo.<img loading=\"lazy\" decoding=\"async\" class=\"alignright wp-image-336 size-medium\" src=\"http:\/\/maldive.evolutiontravel.it\/infovacanze\/wp-content\/uploads\/sites\/14\/2014\/01\/ile-hotel-maldive-3-300x199.jpg\" alt=\"Maldive\" width=\"300\" height=\"199\" srcset=\"https:\/\/maldive.evolutiontravel.it\/infovacanze\/wp-content\/uploads\/sites\/14\/2014\/01\/ile-hotel-maldive-3-300x199.jpg 300w, https:\/\/maldive.evolutiontravel.it\/infovacanze\/wp-content\/uploads\/sites\/14\/2014\/01\/ile-hotel-maldive-3-450x300.jpg 450w, https:\/\/maldive.evolutiontravel.it\/infovacanze\/wp-content\/uploads\/sites\/14\/2014\/01\/ile-hotel-maldive-3.jpg 580w\" sizes=\"(max-width: 300px) 100vw, 300px\" \/><\/p>\n<p>Il clima si divide tra:<\/p>\n<ul>\n<li><strong>stagione secca, da dicembre ad aprile<\/strong>, caratterizzata da un monsone che generalmente mantiene un clima abbastanza costante;<\/li>\n<li><strong>stagione umida che inizia a maggio<\/strong> e dura fino a novembre. Durante questa stagione le piogge generalmente sono pi\u00f9 frequenti e possono durare anche per un paio di giorni, ma per una vacanza di 2 settimane questo non \u00e8 certo un problema.<\/li>\n<\/ul>\n<p>Assicurarsi che le <b>condizioni meteo<\/b> di un determinato paese siano le migliori nel moment in cui lo visiteremo \u00e8 un dei primi passi che ogni buon viaggiatore fa <strong>prima di prenotare un viaggio<\/strong>. Come si sa, per\u00f2, riuscire ad avere una previsione dettagliata, specie molte settimane prima della partenza \u00e8 quasi impossibile.<\/p>\n<p>In generale possiamo dire, azzardando alcune<strong> previsioni meteo<\/strong> che <strong>se partirete a settembre<\/strong> le probabilit\u00e0 di pioggia saranno maggiori, al contrario, invece, partendo nel mese di <b>dicembre<\/b> il rischio di pioggia diminuir\u00e0.<\/p>\n<p>Ad ogni modo le <b>immersioni subacquee<\/b> possono essere un&#8217;alternativa durante i giorni di pioggia grazie al fatto che durante tutto il corso dell\u2019anno la temperatura dell\u2019acqua non scende mai al di sotto dei 27 gradi centigradi.<\/p>\n<h3 style=\"text-align: center\">Ultime offerte pubblicate!<\/h3>\n<p style=\"text-align: center\"><span style=\"color: #008000\"><strong>IN UN CLIC SCOPRI TUTTI I DETTAGLI DEL VIAGGIO<\/strong><\/span>: clicca subito per vedere <strong>offerte, programma, costi e partenze.<\/strong><\/p>\n<p style=\"text-align: center\">Ordina i risultati come preferisci tu:<strong> dal prezzo pi\u00f9 basso!<\/strong><\/p>\n<div class=\"feedzy-01b4559bb7ec39e82813e11994521534 feedzy-rss\">\n\t\t<ul class=\"feedzy-style2\">\n\t\t\t\t\t<li  style=\"padding: 23px 0 38px\" class=\"rss_item feedzy-rss-col-3\" >\n\t\t\t\t\t\t\t\t\t<div class=\"rss_image\" style=\"width:225px; height:225px;\">\n\t\t\t\t\t\t<a href=\"https:\/\/maldive.evolutiontravel.it\/it_IT\/897\/tab\/29914_angaga-island-resort.html\" target=\"_blank\" \n\t\t\t\t\t\t\trel=\"noopener \"\n\t\t\t\t\t\t\ttitle=\"Angaga Island Resort\"\n\t\t\t\t\t\t\tstyle=\"width:225px; height:225px;\">\n\t\t\t\t\t\t\t<span class=\"fetched\" style=\"background-image:  url('http:\/\/etcdn.net\/thumbnails\/29914\/it-atollo-di-ari-angaga-island-resort-7bf76.jpg');\" title=\"Angaga Island Resort\"><\/span><amp-img width=\"225\" height=\"225\" src=\"http:\/\/etcdn.net\/thumbnails\/29914\/it-atollo-di-ari-angaga-island-resort-7bf76.jpg\">\t\t\t\t\t\t<\/a>\n\t\t\t\t\t<\/div>\n\t\t\t\t\t\t\t\t<div class=\"rss_content_wrap\">\n\t\t\t\t\t<span class=\"title\">\n\t\t\t\t\t\t<a href=\"https:\/\/maldive.evolutiontravel.it\/it_IT\/897\/tab\/29914_angaga-island-resort.html\" target=\"_blank\"  rel=\"noopener \">\n\t\t\t\t\t\t\tAngaga Island Resort\t\t\t\t\t\t<\/a>\n\t\t\t\t\t<\/span>\n\t\t\t\t\t<div class=\"rss_content\"\n\t\t\t\t\t\t\tstyle=\"\">\n\t\t\t\t\t\t\n\t\t\t\t\t\t\t\t\t\t\t\t<p class=\"description\">Classica isola rotonda, bellissima spiaggia, splendida laguna e barriera corallina a poche pinnate dalla riva , Angaga ha [&hellip;]<\/p>\n\t\t\t\t\t\t\n\t\t\t\t\t\t\t\t\t\t\t\t\t\t\t\t\t\t\t<div class=\"price-wrap\">\n\t\t\t\t\t\t\t\t<a href=\"https:\/\/maldive.evolutiontravel.it\/it_IT\/897\/tab\/29914_angaga-island-resort.html\" target=\"_blank\" rel=\"noopener\"><button class=\"price\"> 1810<\/button><\/a>\n\t\t\t\t\t\t\t<\/div>\n\t\t\t\t\t\t\t\t\t\t\t<\/div>\n\t\t\t\t<\/div>\n\t\t\t<\/li>\n\t\t\t\t\t\t<li  style=\"padding: 23px 0 38px\" class=\"rss_item feedzy-rss-col-3\" >\n\t\t\t\t\t\t\t\t\t<div class=\"rss_image\" style=\"width:225px; height:225px;\">\n\t\t\t\t\t\t<a href=\"https:\/\/maldive.evolutiontravel.it\/it_IT\/897\/tab\/6018_my-dhonkamana-5-stelle.html\" target=\"_blank\" \n\t\t\t\t\t\t\trel=\"noopener \"\n\t\t\t\t\t\t\ttitle=\"M\/Y Dhonkamana 5 stelle\"\n\t\t\t\t\t\t\tstyle=\"width:225px; height:225px;\">\n\t\t\t\t\t\t\t<span class=\"fetched\" style=\"background-image:  url('http:\/\/etcdn.net\/thumbnails\/6018\/it-maldive-my-dhonkamana-5-stelle-4c226.jpg');\" title=\"M\/Y Dhonkamana 5 stelle\"><\/span><amp-img width=\"225\" height=\"225\" src=\"http:\/\/etcdn.net\/thumbnails\/6018\/it-maldive-my-dhonkamana-5-stelle-4c226.jpg\">\t\t\t\t\t\t<\/a>\n\t\t\t\t\t<\/div>\n\t\t\t\t\t\t\t\t<div class=\"rss_content_wrap\">\n\t\t\t\t\t<span class=\"title\">\n\t\t\t\t\t\t<a href=\"https:\/\/maldive.evolutiontravel.it\/it_IT\/897\/tab\/6018_my-dhonkamana-5-stelle.html\" target=\"_blank\"  rel=\"noopener \">\n\t\t\t\t\t\t\tM\/Y Dhonkamana 5 stelle\t\t\t\t\t\t<\/a>\n\t\t\t\t\t<\/span>\n\t\t\t\t\t<div class=\"rss_content\"\n\t\t\t\t\t\t\tstyle=\"\">\n\t\t\t\t\t\t\n\t\t\t\t\t\t\t\t\t\t\t\t<p class=\"description\">Alla scoperta degliatolli maldiviani pi\u00f9 remoti con un'imbarcazione davvero confortevole lunga 31 metri con centro benessere e [&hellip;]<\/p>\n\t\t\t\t\t\t\n\t\t\t\t\t\t\t\t\t\t\t\t\t\t\t\t\t\t\t<div class=\"price-wrap\">\n\t\t\t\t\t\t\t\t<a href=\"https:\/\/maldive.evolutiontravel.it\/it_IT\/897\/tab\/6018_my-dhonkamana-5-stelle.html\" target=\"_blank\" rel=\"noopener\"><button class=\"price\"> 1581<\/button><\/a>\n\t\t\t\t\t\t\t<\/div>\n\t\t\t\t\t\t\t\t\t\t\t<\/div>\n\t\t\t\t<\/div>\n\t\t\t<\/li>\n\t\t\t\t\t\t<li  style=\"padding: 23px 0 38px\" class=\"rss_item feedzy-rss-col-3\" >\n\t\t\t\t\t\t\t\t\t<div class=\"rss_image\" style=\"width:225px; height:225px;\">\n\t\t\t\t\t\t<a href=\"https:\/\/maldive.evolutiontravel.it\/it_IT\/897\/tab\/40858_avventura-di-pesca-tra-gli-atolli-meno-esplorati.html\" target=\"_blank\" \n\t\t\t\t\t\t\trel=\"noopener \"\n\t\t\t\t\t\t\ttitle=\"Avventura di pesca tra gli atolli meno esplorati\"\n\t\t\t\t\t\t\tstyle=\"width:225px; height:225px;\">\n\t\t\t\t\t\t\t<span class=\"fetched\" style=\"background-image:  url('http:\/\/etcdn.net\/thumbnails\/40858\/it-maldive-avventura-di-pesca-tra-gli-atolli-meno-esplorati-83afd.jpg');\" title=\"Avventura di pesca tra gli atolli meno esplorati\"><\/span><amp-img width=\"225\" height=\"225\" src=\"http:\/\/etcdn.net\/thumbnails\/40858\/it-maldive-avventura-di-pesca-tra-gli-atolli-meno-esplorati-83afd.jpg\">\t\t\t\t\t\t<\/a>\n\t\t\t\t\t<\/div>\n\t\t\t\t\t\t\t\t<div class=\"rss_content_wrap\">\n\t\t\t\t\t<span class=\"title\">\n\t\t\t\t\t\t<a href=\"https:\/\/maldive.evolutiontravel.it\/it_IT\/897\/tab\/40858_avventura-di-pesca-tra-gli-atolli-meno-esplorati.html\" target=\"_blank\"  rel=\"noopener \">\n\t\t\t\t\t\t\tAvventura di pesca tra gli atolli meno esplorati\t\t\t\t\t\t<\/a>\n\t\t\t\t\t<\/span>\n\t\t\t\t\t<div class=\"rss_content\"\n\t\t\t\t\t\t\tstyle=\"\">\n\t\t\t\t\t\t\n\t\t\t\t\t\t\t\t\t\t\t\t<p class=\"description\">Pescare in paradiso e vivere l'avventura<\/p>\n\t\t\t\t\t\t\n\t\t\t\t\t\t\t\t\t\t\t\t\t\t\t\t\t\t\t<div class=\"price-wrap\">\n\t\t\t\t\t\t\t\t<a href=\"https:\/\/maldive.evolutiontravel.it\/it_IT\/897\/tab\/40858_avventura-di-pesca-tra-gli-atolli-meno-esplorati.html\" target=\"_blank\" rel=\"noopener\"><button class=\"price\"> 2750<\/button><\/a>\n\t\t\t\t\t\t\t<\/div>\n\t\t\t\t\t\t\t\t\t\t\t<\/div>\n\t\t\t\t<\/div>\n\t\t\t<\/li>\n\t\t\t\t\t\t<li  style=\"padding: 23px 0 38px\" class=\"rss_item feedzy-rss-col-3\" >\n\t\t\t\t\t\t\t\t\t<div class=\"rss_image\" style=\"width:225px; height:225px;\">\n\t\t\t\t\t\t<a href=\"https:\/\/maldive.evolutiontravel.it\/it_IT\/897\/tab\/34428_filitheyo-island-resort.html\" target=\"_blank\" \n\t\t\t\t\t\t\trel=\"noopener \"\n\t\t\t\t\t\t\ttitle=\"Filitheyo Island Resort\"\n\t\t\t\t\t\t\tstyle=\"width:225px; height:225px;\">\n\t\t\t\t\t\t\t<span class=\"fetched\" style=\"background-image:  url('http:\/\/etcdn.net\/thumbnails\/34428\/it-atollo-di-faafu-filitheyo-island-resort-688ad.jpg');\" title=\"Filitheyo Island Resort\"><\/span><amp-img width=\"225\" height=\"225\" src=\"http:\/\/etcdn.net\/thumbnails\/34428\/it-atollo-di-faafu-filitheyo-island-resort-688ad.jpg\">\t\t\t\t\t\t<\/a>\n\t\t\t\t\t<\/div>\n\t\t\t\t\t\t\t\t<div class=\"rss_content_wrap\">\n\t\t\t\t\t<span class=\"title\">\n\t\t\t\t\t\t<a href=\"https:\/\/maldive.evolutiontravel.it\/it_IT\/897\/tab\/34428_filitheyo-island-resort.html\" target=\"_blank\"  rel=\"noopener \">\n\t\t\t\t\t\t\tFilitheyo Island Resort\t\t\t\t\t\t<\/a>\n\t\t\t\t\t<\/span>\n\t\t\t\t\t<div class=\"rss_content\"\n\t\t\t\t\t\t\tstyle=\"\">\n\t\t\t\t\t\t\n\t\t\t\t\t\t\t\t\t\t\t\t<p class=\"description\">Un'isola di medie dimensioni nell'atollo di Faafu, a 120 Km da Male raggiungibile in circa 35 minuti di idrovolante. [&hellip;]<\/p>\n\t\t\t\t\t\t\n\t\t\t\t\t\t\t\t\t\t\t\t\t\t\t\t\t\t\t<div class=\"price-wrap\">\n\t\t\t\t\t\t\t\t<a href=\"https:\/\/maldive.evolutiontravel.it\/it_IT\/897\/tab\/34428_filitheyo-island-resort.html\" target=\"_blank\" rel=\"noopener\"><button class=\"price\"> 1890<\/button><\/a>\n\t\t\t\t\t\t\t<\/div>\n\t\t\t\t\t\t\t\t\t\t\t<\/div>\n\t\t\t\t<\/div>\n\t\t\t<\/li>\n\t\t\t\t\t\t<li  style=\"padding: 23px 0 38px\" class=\"rss_item feedzy-rss-col-3\" >\n\t\t\t\t\t\t\t\t\t<div class=\"rss_image\" style=\"width:225px; height:225px;\">\n\t\t\t\t\t\t<a href=\"https:\/\/maldive.evolutiontravel.it\/it_IT\/897\/tab\/34657_thulhagiri-island-resort.html\" target=\"_blank\" \n\t\t\t\t\t\t\trel=\"noopener \"\n\t\t\t\t\t\t\ttitle=\"Thulhagiri Island Resort\"\n\t\t\t\t\t\t\tstyle=\"width:225px; height:225px;\">\n\t\t\t\t\t\t\t<span class=\"fetched\" style=\"background-image:  url('http:\/\/etcdn.net\/thumbnails\/34657\/it-atollo-di-male-nord-thulhagiri-island-resort-8177e.jpg');\" title=\"Thulhagiri Island Resort\"><\/span><amp-img width=\"225\" height=\"225\" src=\"http:\/\/etcdn.net\/thumbnails\/34657\/it-atollo-di-male-nord-thulhagiri-island-resort-8177e.jpg\">\t\t\t\t\t\t<\/a>\n\t\t\t\t\t<\/div>\n\t\t\t\t\t\t\t\t<div class=\"rss_content_wrap\">\n\t\t\t\t\t<span class=\"title\">\n\t\t\t\t\t\t<a href=\"https:\/\/maldive.evolutiontravel.it\/it_IT\/897\/tab\/34657_thulhagiri-island-resort.html\" target=\"_blank\"  rel=\"noopener \">\n\t\t\t\t\t\t\tThulhagiri Island Resort\t\t\t\t\t\t<\/a>\n\t\t\t\t\t<\/span>\n\t\t\t\t\t<div class=\"rss_content\"\n\t\t\t\t\t\t\tstyle=\"\">\n\t\t\t\t\t\t\n\t\t\t\t\t\t\t\t\t\t\t\t<p class=\"description\">Il Thulhagiri Island Resort \u00e8 situato nell'atollo di Male Nord, a circa 25 minuti di barca veloce dall'aeroporto, il resort si [&hellip;]<\/p>\n\t\t\t\t\t\t\n\t\t\t\t\t\t\t\t\t\t\t\t\t\t\t\t\t\t\t<div class=\"price-wrap\">\n\t\t\t\t\t\t\t\t<a href=\"https:\/\/maldive.evolutiontravel.it\/it_IT\/897\/tab\/34657_thulhagiri-island-resort.html\" target=\"_blank\" rel=\"noopener\"><button class=\"price\"> 1550<\/button><\/a>\n\t\t\t\t\t\t\t<\/div>\n\t\t\t\t\t\t\t\t\t\t\t<\/div>\n\t\t\t\t<\/div>\n\t\t\t<\/li>\n\t\t\t\t\t\t<li  style=\"padding: 23px 0 38px\" class=\"rss_item feedzy-rss-col-3\" >\n\t\t\t\t\t\t\t\t\t<div class=\"rss_image\" style=\"width:225px; height:225px;\">\n\t\t\t\t\t\t<a href=\"https:\/\/maldive.evolutiontravel.it\/it_IT\/897\/tab\/40165_ayada-maldives.html\" target=\"_blank\" \n\t\t\t\t\t\t\trel=\"noopener \"\n\t\t\t\t\t\t\ttitle=\"Ayada Maldives\"\n\t\t\t\t\t\t\tstyle=\"width:225px; height:225px;\">\n\t\t\t\t\t\t\t<span class=\"fetched\" style=\"background-image:  url('http:\/\/etcdn.net\/thumbnails\/40165\/it-maldive-ayada-maldives-7f9b1.jpg');\" title=\"Ayada Maldives\"><\/span><amp-img width=\"225\" height=\"225\" src=\"http:\/\/etcdn.net\/thumbnails\/40165\/it-maldive-ayada-maldives-7f9b1.jpg\">\t\t\t\t\t\t<\/a>\n\t\t\t\t\t<\/div>\n\t\t\t\t\t\t\t\t<div class=\"rss_content_wrap\">\n\t\t\t\t\t<span class=\"title\">\n\t\t\t\t\t\t<a href=\"https:\/\/maldive.evolutiontravel.it\/it_IT\/897\/tab\/40165_ayada-maldives.html\" target=\"_blank\"  rel=\"noopener \">\n\t\t\t\t\t\t\tAyada Maldives\t\t\t\t\t\t<\/a>\n\t\t\t\t\t<\/span>\n\t\t\t\t\t<div class=\"rss_content\"\n\t\t\t\t\t\t\tstyle=\"\">\n\t\t\t\t\t\t\n\t\t\t\t\t\t\t\t\t\t\t\t<p class=\"description\">Situato su una bellissima isola privata con spiagge incontaminate e lussureggiante vegetazione tropicale, Ayada Maldives offre un [&hellip;]<\/p>\n\t\t\t\t\t\t\n\t\t\t\t\t\t\t\t\t\t\t\t\t\t\t\t\t\t\t<div class=\"price-wrap\">\n\t\t\t\t\t\t\t\t<a href=\"https:\/\/maldive.evolutiontravel.it\/it_IT\/897\/tab\/40165_ayada-maldives.html\" target=\"_blank\" rel=\"noopener\"><button class=\"price\"> 3520<\/button><\/a>\n\t\t\t\t\t\t\t<\/div>\n\t\t\t\t\t\t\t\t\t\t\t<\/div>\n\t\t\t\t<\/div>\n\t\t\t<\/li>\n\t\t\t\t<\/ul>\n<\/div>\n<style type=\"text\/css\" media=\"all\">.feedzy-rss .rss_item .rss_image{float:left;position:relative;border:none;text-decoration:none;max-width:100%}.feedzy-rss .rss_item .rss_image span{display:inline-block;position:absolute;width:100%;height:100%;background-position:50%;background-size:cover}.feedzy-rss .rss_item .rss_image{margin:.3em 1em 0 0;content-visibility:auto}.feedzy-rss ul{list-style:none}.feedzy-rss ul li{display:inline-block}<\/style>\n","protected":false},"excerpt":{"rendered":"<p>Trascorrere 15 giorni alle Maldive \u00e8 il modo ideale per godersi l&#8217;arcipelago, in qualsiasi momento dell\u2019anno perch\u00e8 due settimane vi consentiranno di avere un clima piacevole anche se siete qui in vacanza durante un periodo instabile (magari per risparmiare sul viaggio). Come noto le condizioni meteorologiche sulle isole dell&#8217;arcipelao sono piuttosto instabili, ci\u00f2 \u00e8 dovuto <a class=\"moretag\" href=\"https:\/\/maldive.evolutiontravel.it\/infovacanze\/informazioni\/meteo-maldive-15-giorni\/\">[&#8230;]<\/a><\/p>\n","protected":false},"author":1,"featured_media":0,"parent":12,"menu_order":0,"comment_status":"closed","ping_status":"open","template":"templates\/template-with-right-sidebar.php","meta":{"footnotes":""},"yoast_head":"<!-- This site is optimized with the Yoast SEO plugin v21.9.1 - https:\/\/yoast.com\/wordpress\/plugins\/seo\/ -->\n<title>15 giorni alle Maldive, meteo e previsioni per le tue vacanze<\/title>\n<meta name=\"description\" content=\"Una vacanza alle Maldive per 15 giorni vi regala il tempo perfetto per godere di ottime previsioni meteo in qualsiasi periodo dell\u2019anno.\" \/>\n<meta name=\"robots\" content=\"index, follow, max-snippet:-1, max-image-preview:large, max-video-preview:-1\" \/>\n<link rel=\"canonical\" href=\"https:\/\/maldive.evolutiontravel.it\/infovacanze\/informazioni\/meteo-maldive-15-giorni\/\" \/>\n<meta name=\"twitter:label1\" content=\"Tempo di lettura stimato\" \/>\n\t<meta name=\"twitter:data1\" content=\"2 minuti\" \/>\n<script type=\"application\/ld+json\" class=\"yoast-schema-graph\">{\"@context\":\"https:\/\/schema.org\",\"@graph\":[{\"@type\":\"WebPage\",\"@id\":\"https:\/\/maldive.evolutiontravel.it\/infovacanze\/informazioni\/meteo-maldive-15-giorni\/\",\"url\":\"https:\/\/maldive.evolutiontravel.it\/infovacanze\/informazioni\/meteo-maldive-15-giorni\/\",\"name\":\"15 giorni alle Maldive, meteo e previsioni per le tue vacanze\",\"isPartOf\":{\"@id\":\"https:\/\/maldive.evolutiontravel.it\/infovacanze\/#website\"},\"datePublished\":\"2014-03-26T16:12:16+00:00\",\"dateModified\":\"2018-10-31T10:47:03+00:00\",\"description\":\"Una vacanza alle Maldive per 15 giorni vi regala il tempo perfetto per godere di ottime previsioni meteo in qualsiasi periodo dell\u2019anno.\",\"breadcrumb\":{\"@id\":\"https:\/\/maldive.evolutiontravel.it\/infovacanze\/informazioni\/meteo-maldive-15-giorni\/#breadcrumb\"},\"inLanguage\":\"it-IT\",\"potentialAction\":[{\"@type\":\"ReadAction\",\"target\":[\"https:\/\/maldive.evolutiontravel.it\/infovacanze\/informazioni\/meteo-maldive-15-giorni\/\"]}]},{\"@type\":\"BreadcrumbList\",\"@id\":\"https:\/\/maldive.evolutiontravel.it\/infovacanze\/informazioni\/meteo-maldive-15-giorni\/#breadcrumb\",\"itemListElement\":[{\"@type\":\"ListItem\",\"position\":1,\"name\":\"Informazioni utili sulle Maldive\",\"item\":\"https:\/\/maldive.evolutiontravel.it\/infovacanze\/informazioni\/\"},{\"@type\":\"ListItem\",\"position\":2,\"name\":\"Meteo di 2 settimane alle Maldive\"}]},{\"@type\":\"WebSite\",\"@id\":\"https:\/\/maldive.evolutiontravel.it\/infovacanze\/#website\",\"url\":\"https:\/\/maldive.evolutiontravel.it\/infovacanze\/\",\"name\":\"Maldive\",\"description\":\"\",\"potentialAction\":[{\"@type\":\"SearchAction\",\"target\":{\"@type\":\"EntryPoint\",\"urlTemplate\":\"https:\/\/maldive.evolutiontravel.it\/infovacanze\/?s={search_term_string}\"},\"query-input\":\"required name=search_term_string\"}],\"inLanguage\":\"it-IT\"}]}<\/script>\n<!-- \/ Yoast SEO plugin. -->","yoast_head_json":{"title":"15 giorni alle Maldive, meteo e previsioni per le tue vacanze","description":"Una vacanza alle Maldive per 15 giorni vi regala il tempo perfetto per godere di ottime previsioni meteo in qualsiasi periodo dell\u2019anno.","robots":{"index":"index","follow":"follow","max-snippet":"max-snippet:-1","max-image-preview":"max-image-preview:large","max-video-preview":"max-video-preview:-1"},"canonical":"https:\/\/maldive.evolutiontravel.it\/infovacanze\/informazioni\/meteo-maldive-15-giorni\/","twitter_misc":{"Tempo di lettura stimato":"2 minuti"},"schema":{"@context":"https:\/\/schema.org","@graph":[{"@type":"WebPage","@id":"https:\/\/maldive.evolutiontravel.it\/infovacanze\/informazioni\/meteo-maldive-15-giorni\/","url":"https:\/\/maldive.evolutiontravel.it\/infovacanze\/informazioni\/meteo-maldive-15-giorni\/","name":"15 giorni alle Maldive, meteo e previsioni per le tue vacanze","isPartOf":{"@id":"https:\/\/maldive.evolutiontravel.it\/infovacanze\/#website"},"datePublished":"2014-03-26T16:12:16+00:00","dateModified":"2018-10-31T10:47:03+00:00","description":"Una vacanza alle Maldive per 15 giorni vi regala il tempo perfetto per godere di ottime previsioni meteo in qualsiasi periodo dell\u2019anno.","breadcrumb":{"@id":"https:\/\/maldive.evolutiontravel.it\/infovacanze\/informazioni\/meteo-maldive-15-giorni\/#breadcrumb"},"inLanguage":"it-IT","potentialAction":[{"@type":"ReadAction","target":["https:\/\/maldive.evolutiontravel.it\/infovacanze\/informazioni\/meteo-maldive-15-giorni\/"]}]},{"@type":"BreadcrumbList","@id":"https:\/\/maldive.evolutiontravel.it\/infovacanze\/informazioni\/meteo-maldive-15-giorni\/#breadcrumb","itemListElement":[{"@type":"ListItem","position":1,"name":"Informazioni utili sulle Maldive","item":"https:\/\/maldive.evolutiontravel.it\/infovacanze\/informazioni\/"},{"@type":"ListItem","position":2,"name":"Meteo di 2 settimane alle Maldive"}]},{"@type":"WebSite","@id":"https:\/\/maldive.evolutiontravel.it\/infovacanze\/#website","url":"https:\/\/maldive.evolutiontravel.it\/infovacanze\/","name":"Maldive","description":"","potentialAction":[{"@type":"SearchAction","target":{"@type":"EntryPoint","urlTemplate":"https:\/\/maldive.evolutiontravel.it\/infovacanze\/?s={search_term_string}"},"query-input":"required name=search_term_string"}],"inLanguage":"it-IT"}]}},"_links":{"self":[{"href":"https:\/\/maldive.evolutiontravel.it\/infovacanze\/wp-json\/wp\/v2\/pages\/506"}],"collection":[{"href":"https:\/\/maldive.evolutiontravel.it\/infovacanze\/wp-json\/wp\/v2\/pages"}],"about":[{"href":"https:\/\/maldive.evolutiontravel.it\/infovacanze\/wp-json\/wp\/v2\/types\/page"}],"author":[{"embeddable":true,"href":"https:\/\/maldive.evolutiontravel.it\/infovacanze\/wp-json\/wp\/v2\/users\/1"}],"replies":[{"embeddable":true,"href":"https:\/\/maldive.evolutiontravel.it\/infovacanze\/wp-json\/wp\/v2\/comments?post=506"}],"version-history":[{"count":10,"href":"https:\/\/maldive.evolutiontravel.it\/infovacanze\/wp-json\/wp\/v2\/pages\/506\/revisions"}],"predecessor-version":[{"id":1056,"href":"https:\/\/maldive.evolutiontravel.it\/infovacanze\/wp-json\/wp\/v2\/pages\/506\/revisions\/1056"}],"up":[{"embeddable":true,"href":"https:\/\/maldive.evolutiontravel.it\/infovacanze\/wp-json\/wp\/v2\/pages\/12"}],"wp:attachment":[{"href":"https:\/\/maldive.evolutiontravel.it\/infovacanze\/wp-json\/wp\/v2\/media?parent=506"}],"curies":[{"name":"wp","href":"https:\/\/api.w.org\/{rel}","templated":true}]}}