{"id":47,"date":"2013-08-15T15:48:42","date_gmt":"2013-08-15T13:48:42","guid":{"rendered":"http:\/\/maldive.evolutiontravel.it\/infovacanze\/?page_id=47"},"modified":"2017-12-19T10:10:32","modified_gmt":"2017-12-19T09:10:32","slug":"ambasciate-e-consolati","status":"publish","type":"page","link":"https:\/\/maldive.evolutiontravel.it\/infovacanze\/informazioni\/ambasciate-e-consolati\/","title":{"rendered":"Ambasciate e Consolati"},"content":{"rendered":"<p>Nel caso in cui ci sia bisogno di mettersi<strong> in contatto il personale diplomatico<\/strong>, nel corso di un viaggio alle Maldive, sar\u00e0 bene sapere che al momento <strong>non \u00e8 presente l&#8217;Ambasciata d&#8217;Italia alle Maldive<\/strong>.<\/p>\n<p>Tuttavia, \u00e8 stato stabilito che <strong>gli italiani possono far riferimento all&#8217;Ambasciata d&#8217;Italia<\/strong> competente in questo caso: si tratta dell&#8217;<strong>Ambasciata d&#8217;Italia a Colombro<\/strong> (Sri Lanka). Ecco i recapiti:<br \/>\n55, Jawatta Road \u2013 Colombo 5<br \/>\nTel. 0094.11.2588388 ; 0094.11. 2508418;<br \/>\nFax 0094.11.2588622 (sez. consolare), o 0094.11.2596344 (segreteria)<br \/>\nCellulare del funzionario di turno, solo per emergenze: 0094.777.488688<br \/>\nE-mail: ambasciata.colombo@esteri.it.<\/p>\n<p>Quanto invece ai consolati, sar\u00e0 bene tenere a mente queste informazioni:<\/p>\n<p>Agenzia consolare onoraria a Male &#8211; Maldive:<br \/>\nConsolato Onorario d&#8217;Italia a Male&#8217;:<br \/>\nH. Maaram Building, Male&#8217;<br \/>\nPO Box 2091- Republic of Maldives<br \/>\nTel\/Fax: 00960 3342071 &#8211; Cell. di reperibilit\u00e0 solo in casi d&#8217;emergenza : 00960 7786773<br \/>\nE-mail: male.onorario@esteri.it<\/p>\n<p><strong>In Italia<\/strong>, invece, \u00e8 possibile rivolgersi al Consolato Onorario della Repubblica delle Maldive, ai seguenti contatti:<\/p>\n<p>Via A. Bafile, 5 \u2013 00195 ROMA<br \/>\n&#8211; Tel. +390689674606<br \/>\nTelefax +390637516663<br \/>\nE-mail: maldivesconsulateit@gmail.com<br \/>\nSito internet: www.consolatomaldive.it.<\/p>\n<h3 style=\"text-align: center\">Offerte viaggi e vacanze alle Maldive<\/h3>\n<div class=\"feedzy-01b4559bb7ec39e82813e11994521534 feedzy-rss\">\n\t\t<ul class=\"feedzy-style2\">\n\t\t\t\t\t<li  style=\"padding: 23px 0 38px\" class=\"rss_item feedzy-rss-col-3\" >\n\t\t\t\t\t\t\t\t\t<div class=\"rss_image\" style=\"width:225px; height:225px;\">\n\t\t\t\t\t\t<a href=\"https:\/\/maldive.evolutiontravel.it\/it_IT\/897\/tab\/29914_angaga-island-resort.html\" target=\"_blank\" \n\t\t\t\t\t\t\trel=\"noopener \"\n\t\t\t\t\t\t\ttitle=\"Angaga Island Resort\"\n\t\t\t\t\t\t\tstyle=\"width:225px; height:225px;\">\n\t\t\t\t\t\t\t<span class=\"fetched\" style=\"background-image:  url('http:\/\/etcdn.net\/thumbnails\/29914\/it-atollo-di-ari-angaga-island-resort-7bf76.jpg');\" title=\"Angaga Island Resort\"><\/span><amp-img width=\"225\" height=\"225\" src=\"http:\/\/etcdn.net\/thumbnails\/29914\/it-atollo-di-ari-angaga-island-resort-7bf76.jpg\">\t\t\t\t\t\t<\/a>\n\t\t\t\t\t<\/div>\n\t\t\t\t\t\t\t\t<div class=\"rss_content_wrap\">\n\t\t\t\t\t<span class=\"title\">\n\t\t\t\t\t\t<a href=\"https:\/\/maldive.evolutiontravel.it\/it_IT\/897\/tab\/29914_angaga-island-resort.html\" target=\"_blank\"  rel=\"noopener \">\n\t\t\t\t\t\t\tAngaga Island Resort\t\t\t\t\t\t<\/a>\n\t\t\t\t\t<\/span>\n\t\t\t\t\t<div class=\"rss_content\"\n\t\t\t\t\t\t\tstyle=\"\">\n\t\t\t\t\t\t\n\t\t\t\t\t\t\t\t\t\t\t\t<p class=\"description\">Classica isola rotonda, bellissima spiaggia, splendida laguna e barriera corallina a poche pinnate dalla riva , Angaga ha [&hellip;]<\/p>\n\t\t\t\t\t\t\n\t\t\t\t\t\t\t\t\t\t\t\t\t\t\t\t\t\t\t<div class=\"price-wrap\">\n\t\t\t\t\t\t\t\t<a href=\"https:\/\/maldive.evolutiontravel.it\/it_IT\/897\/tab\/29914_angaga-island-resort.html\" target=\"_blank\" rel=\"noopener\"><button class=\"price\"> 1810<\/button><\/a>\n\t\t\t\t\t\t\t<\/div>\n\t\t\t\t\t\t\t\t\t\t\t<\/div>\n\t\t\t\t<\/div>\n\t\t\t<\/li>\n\t\t\t\t\t\t<li  style=\"padding: 23px 0 38px\" class=\"rss_item feedzy-rss-col-3\" >\n\t\t\t\t\t\t\t\t\t<div class=\"rss_image\" style=\"width:225px; height:225px;\">\n\t\t\t\t\t\t<a href=\"https:\/\/maldive.evolutiontravel.it\/it_IT\/897\/tab\/6018_my-dhonkamana-5-stelle.html\" target=\"_blank\" \n\t\t\t\t\t\t\trel=\"noopener \"\n\t\t\t\t\t\t\ttitle=\"M\/Y Dhonkamana 5 stelle\"\n\t\t\t\t\t\t\tstyle=\"width:225px; height:225px;\">\n\t\t\t\t\t\t\t<span class=\"fetched\" style=\"background-image:  url('http:\/\/etcdn.net\/thumbnails\/6018\/it-maldive-my-dhonkamana-5-stelle-4c226.jpg');\" title=\"M\/Y Dhonkamana 5 stelle\"><\/span><amp-img width=\"225\" height=\"225\" src=\"http:\/\/etcdn.net\/thumbnails\/6018\/it-maldive-my-dhonkamana-5-stelle-4c226.jpg\">\t\t\t\t\t\t<\/a>\n\t\t\t\t\t<\/div>\n\t\t\t\t\t\t\t\t<div class=\"rss_content_wrap\">\n\t\t\t\t\t<span class=\"title\">\n\t\t\t\t\t\t<a href=\"https:\/\/maldive.evolutiontravel.it\/it_IT\/897\/tab\/6018_my-dhonkamana-5-stelle.html\" target=\"_blank\"  rel=\"noopener \">\n\t\t\t\t\t\t\tM\/Y Dhonkamana 5 stelle\t\t\t\t\t\t<\/a>\n\t\t\t\t\t<\/span>\n\t\t\t\t\t<div class=\"rss_content\"\n\t\t\t\t\t\t\tstyle=\"\">\n\t\t\t\t\t\t\n\t\t\t\t\t\t\t\t\t\t\t\t<p class=\"description\">Alla scoperta degliatolli maldiviani pi\u00f9 remoti con un'imbarcazione davvero confortevole lunga 31 metri con centro benessere e [&hellip;]<\/p>\n\t\t\t\t\t\t\n\t\t\t\t\t\t\t\t\t\t\t\t\t\t\t\t\t\t\t<div class=\"price-wrap\">\n\t\t\t\t\t\t\t\t<a href=\"https:\/\/maldive.evolutiontravel.it\/it_IT\/897\/tab\/6018_my-dhonkamana-5-stelle.html\" target=\"_blank\" rel=\"noopener\"><button class=\"price\"> 1581<\/button><\/a>\n\t\t\t\t\t\t\t<\/div>\n\t\t\t\t\t\t\t\t\t\t\t<\/div>\n\t\t\t\t<\/div>\n\t\t\t<\/li>\n\t\t\t\t\t\t<li  style=\"padding: 23px 0 38px\" class=\"rss_item feedzy-rss-col-3\" >\n\t\t\t\t\t\t\t\t\t<div class=\"rss_image\" style=\"width:225px; height:225px;\">\n\t\t\t\t\t\t<a href=\"https:\/\/maldive.evolutiontravel.it\/it_IT\/897\/tab\/40858_avventura-di-pesca-tra-gli-atolli-meno-esplorati.html\" target=\"_blank\" \n\t\t\t\t\t\t\trel=\"noopener \"\n\t\t\t\t\t\t\ttitle=\"Avventura di pesca tra gli atolli meno esplorati\"\n\t\t\t\t\t\t\tstyle=\"width:225px; height:225px;\">\n\t\t\t\t\t\t\t<span class=\"fetched\" style=\"background-image:  url('http:\/\/etcdn.net\/thumbnails\/40858\/it-maldive-avventura-di-pesca-tra-gli-atolli-meno-esplorati-83afd.jpg');\" title=\"Avventura di pesca tra gli atolli meno esplorati\"><\/span><amp-img width=\"225\" height=\"225\" src=\"http:\/\/etcdn.net\/thumbnails\/40858\/it-maldive-avventura-di-pesca-tra-gli-atolli-meno-esplorati-83afd.jpg\">\t\t\t\t\t\t<\/a>\n\t\t\t\t\t<\/div>\n\t\t\t\t\t\t\t\t<div class=\"rss_content_wrap\">\n\t\t\t\t\t<span class=\"title\">\n\t\t\t\t\t\t<a href=\"https:\/\/maldive.evolutiontravel.it\/it_IT\/897\/tab\/40858_avventura-di-pesca-tra-gli-atolli-meno-esplorati.html\" target=\"_blank\"  rel=\"noopener \">\n\t\t\t\t\t\t\tAvventura di pesca tra gli atolli meno esplorati\t\t\t\t\t\t<\/a>\n\t\t\t\t\t<\/span>\n\t\t\t\t\t<div class=\"rss_content\"\n\t\t\t\t\t\t\tstyle=\"\">\n\t\t\t\t\t\t\n\t\t\t\t\t\t\t\t\t\t\t\t<p class=\"description\">Pescare in paradiso e vivere l'avventura<\/p>\n\t\t\t\t\t\t\n\t\t\t\t\t\t\t\t\t\t\t\t\t\t\t\t\t\t\t<div class=\"price-wrap\">\n\t\t\t\t\t\t\t\t<a href=\"https:\/\/maldive.evolutiontravel.it\/it_IT\/897\/tab\/40858_avventura-di-pesca-tra-gli-atolli-meno-esplorati.html\" target=\"_blank\" rel=\"noopener\"><button class=\"price\"> 2750<\/button><\/a>\n\t\t\t\t\t\t\t<\/div>\n\t\t\t\t\t\t\t\t\t\t\t<\/div>\n\t\t\t\t<\/div>\n\t\t\t<\/li>\n\t\t\t\t\t\t<li  style=\"padding: 23px 0 38px\" class=\"rss_item feedzy-rss-col-3\" >\n\t\t\t\t\t\t\t\t\t<div class=\"rss_image\" style=\"width:225px; height:225px;\">\n\t\t\t\t\t\t<a href=\"https:\/\/maldive.evolutiontravel.it\/it_IT\/897\/tab\/34428_filitheyo-island-resort.html\" target=\"_blank\" \n\t\t\t\t\t\t\trel=\"noopener \"\n\t\t\t\t\t\t\ttitle=\"Filitheyo Island Resort\"\n\t\t\t\t\t\t\tstyle=\"width:225px; height:225px;\">\n\t\t\t\t\t\t\t<span class=\"fetched\" style=\"background-image:  url('http:\/\/etcdn.net\/thumbnails\/34428\/it-atollo-di-faafu-filitheyo-island-resort-688ad.jpg');\" title=\"Filitheyo Island Resort\"><\/span><amp-img width=\"225\" height=\"225\" src=\"http:\/\/etcdn.net\/thumbnails\/34428\/it-atollo-di-faafu-filitheyo-island-resort-688ad.jpg\">\t\t\t\t\t\t<\/a>\n\t\t\t\t\t<\/div>\n\t\t\t\t\t\t\t\t<div class=\"rss_content_wrap\">\n\t\t\t\t\t<span class=\"title\">\n\t\t\t\t\t\t<a href=\"https:\/\/maldive.evolutiontravel.it\/it_IT\/897\/tab\/34428_filitheyo-island-resort.html\" target=\"_blank\"  rel=\"noopener \">\n\t\t\t\t\t\t\tFilitheyo Island Resort\t\t\t\t\t\t<\/a>\n\t\t\t\t\t<\/span>\n\t\t\t\t\t<div class=\"rss_content\"\n\t\t\t\t\t\t\tstyle=\"\">\n\t\t\t\t\t\t\n\t\t\t\t\t\t\t\t\t\t\t\t<p class=\"description\">Un'isola di medie dimensioni nell'atollo di Faafu, a 120 Km da Male raggiungibile in circa 35 minuti di idrovolante. [&hellip;]<\/p>\n\t\t\t\t\t\t\n\t\t\t\t\t\t\t\t\t\t\t\t\t\t\t\t\t\t\t<div class=\"price-wrap\">\n\t\t\t\t\t\t\t\t<a href=\"https:\/\/maldive.evolutiontravel.it\/it_IT\/897\/tab\/34428_filitheyo-island-resort.html\" target=\"_blank\" rel=\"noopener\"><button class=\"price\"> 1890<\/button><\/a>\n\t\t\t\t\t\t\t<\/div>\n\t\t\t\t\t\t\t\t\t\t\t<\/div>\n\t\t\t\t<\/div>\n\t\t\t<\/li>\n\t\t\t\t\t\t<li  style=\"padding: 23px 0 38px\" class=\"rss_item feedzy-rss-col-3\" >\n\t\t\t\t\t\t\t\t\t<div class=\"rss_image\" style=\"width:225px; height:225px;\">\n\t\t\t\t\t\t<a href=\"https:\/\/maldive.evolutiontravel.it\/it_IT\/897\/tab\/34657_thulhagiri-island-resort.html\" target=\"_blank\" \n\t\t\t\t\t\t\trel=\"noopener \"\n\t\t\t\t\t\t\ttitle=\"Thulhagiri Island Resort\"\n\t\t\t\t\t\t\tstyle=\"width:225px; height:225px;\">\n\t\t\t\t\t\t\t<span class=\"fetched\" style=\"background-image:  url('http:\/\/etcdn.net\/thumbnails\/34657\/it-atollo-di-male-nord-thulhagiri-island-resort-8177e.jpg');\" title=\"Thulhagiri Island Resort\"><\/span><amp-img width=\"225\" height=\"225\" src=\"http:\/\/etcdn.net\/thumbnails\/34657\/it-atollo-di-male-nord-thulhagiri-island-resort-8177e.jpg\">\t\t\t\t\t\t<\/a>\n\t\t\t\t\t<\/div>\n\t\t\t\t\t\t\t\t<div class=\"rss_content_wrap\">\n\t\t\t\t\t<span class=\"title\">\n\t\t\t\t\t\t<a href=\"https:\/\/maldive.evolutiontravel.it\/it_IT\/897\/tab\/34657_thulhagiri-island-resort.html\" target=\"_blank\"  rel=\"noopener \">\n\t\t\t\t\t\t\tThulhagiri Island Resort\t\t\t\t\t\t<\/a>\n\t\t\t\t\t<\/span>\n\t\t\t\t\t<div class=\"rss_content\"\n\t\t\t\t\t\t\tstyle=\"\">\n\t\t\t\t\t\t\n\t\t\t\t\t\t\t\t\t\t\t\t<p class=\"description\">Il Thulhagiri Island Resort \u00e8 situato nell'atollo di Male Nord, a circa 25 minuti di barca veloce dall'aeroporto, il resort si [&hellip;]<\/p>\n\t\t\t\t\t\t\n\t\t\t\t\t\t\t\t\t\t\t\t\t\t\t\t\t\t\t<div class=\"price-wrap\">\n\t\t\t\t\t\t\t\t<a href=\"https:\/\/maldive.evolutiontravel.it\/it_IT\/897\/tab\/34657_thulhagiri-island-resort.html\" target=\"_blank\" rel=\"noopener\"><button class=\"price\"> 1550<\/button><\/a>\n\t\t\t\t\t\t\t<\/div>\n\t\t\t\t\t\t\t\t\t\t\t<\/div>\n\t\t\t\t<\/div>\n\t\t\t<\/li>\n\t\t\t\t\t\t<li  style=\"padding: 23px 0 38px\" class=\"rss_item feedzy-rss-col-3\" >\n\t\t\t\t\t\t\t\t\t<div class=\"rss_image\" style=\"width:225px; height:225px;\">\n\t\t\t\t\t\t<a href=\"https:\/\/maldive.evolutiontravel.it\/it_IT\/897\/tab\/40165_ayada-maldives.html\" target=\"_blank\" \n\t\t\t\t\t\t\trel=\"noopener \"\n\t\t\t\t\t\t\ttitle=\"Ayada Maldives\"\n\t\t\t\t\t\t\tstyle=\"width:225px; height:225px;\">\n\t\t\t\t\t\t\t<span class=\"fetched\" style=\"background-image:  url('http:\/\/etcdn.net\/thumbnails\/40165\/it-maldive-ayada-maldives-7f9b1.jpg');\" title=\"Ayada Maldives\"><\/span><amp-img width=\"225\" height=\"225\" src=\"http:\/\/etcdn.net\/thumbnails\/40165\/it-maldive-ayada-maldives-7f9b1.jpg\">\t\t\t\t\t\t<\/a>\n\t\t\t\t\t<\/div>\n\t\t\t\t\t\t\t\t<div class=\"rss_content_wrap\">\n\t\t\t\t\t<span class=\"title\">\n\t\t\t\t\t\t<a href=\"https:\/\/maldive.evolutiontravel.it\/it_IT\/897\/tab\/40165_ayada-maldives.html\" target=\"_blank\"  rel=\"noopener \">\n\t\t\t\t\t\t\tAyada Maldives\t\t\t\t\t\t<\/a>\n\t\t\t\t\t<\/span>\n\t\t\t\t\t<div class=\"rss_content\"\n\t\t\t\t\t\t\tstyle=\"\">\n\t\t\t\t\t\t\n\t\t\t\t\t\t\t\t\t\t\t\t<p class=\"description\">Situato su una bellissima isola privata con spiagge incontaminate e lussureggiante vegetazione tropicale, Ayada Maldives offre un [&hellip;]<\/p>\n\t\t\t\t\t\t\n\t\t\t\t\t\t\t\t\t\t\t\t\t\t\t\t\t\t\t<div class=\"price-wrap\">\n\t\t\t\t\t\t\t\t<a href=\"https:\/\/maldive.evolutiontravel.it\/it_IT\/897\/tab\/40165_ayada-maldives.html\" target=\"_blank\" rel=\"noopener\"><button class=\"price\"> 3520<\/button><\/a>\n\t\t\t\t\t\t\t<\/div>\n\t\t\t\t\t\t\t\t\t\t\t<\/div>\n\t\t\t\t<\/div>\n\t\t\t<\/li>\n\t\t\t\t<\/ul>\n<\/div>\n<style type=\"text\/css\" media=\"all\">.feedzy-rss .rss_item .rss_image{float:left;position:relative;border:none;text-decoration:none;max-width:100%}.feedzy-rss .rss_item .rss_image span{display:inline-block;position:absolute;width:100%;height:100%;background-position:50%;background-size:cover}.feedzy-rss .rss_item .rss_image{margin:.3em 1em 0 0;content-visibility:auto}.feedzy-rss ul{list-style:none}.feedzy-rss ul li{display:inline-block}<\/style>\n","protected":false},"excerpt":{"rendered":"<p>Nel caso in cui ci sia bisogno di mettersi in contatto il personale diplomatico, nel corso di un viaggio alle Maldive, sar\u00e0 bene sapere che al momento non \u00e8 presente l&#8217;Ambasciata d&#8217;Italia alle Maldive. Tuttavia, \u00e8 stato stabilito che gli italiani possono far riferimento all&#8217;Ambasciata d&#8217;Italia competente in questo caso: si tratta dell&#8217;Ambasciata d&#8217;Italia a <a class=\"moretag\" href=\"https:\/\/maldive.evolutiontravel.it\/infovacanze\/informazioni\/ambasciate-e-consolati\/\">[&#8230;]<\/a><\/p>\n","protected":false},"author":1,"featured_media":0,"parent":12,"menu_order":0,"comment_status":"closed","ping_status":"open","template":"templates\/template-with-right-sidebar.php","meta":{"footnotes":""},"yoast_head":"<!-- This site is optimized with the Yoast SEO plugin v21.9.1 - https:\/\/yoast.com\/wordpress\/plugins\/seo\/ -->\n<title>Recapiti di ambasciate e consolati alle Maldive - Evolution Travel<\/title>\n<meta name=\"description\" content=\"Riferimenti utili e recapiti di ambasciate e consolati alle Maldive. Numeri utili da portare con voi o lasciare ad amici e parenti.\" \/>\n<meta name=\"robots\" content=\"index, follow, max-snippet:-1, max-image-preview:large, max-video-preview:-1\" \/>\n<link rel=\"canonical\" href=\"https:\/\/maldive.evolutiontravel.it\/infovacanze\/informazioni\/ambasciate-e-consolati\/\" \/>\n<meta name=\"twitter:label1\" content=\"Tempo di lettura stimato\" \/>\n\t<meta name=\"twitter:data1\" content=\"1 minuto\" \/>\n<script type=\"application\/ld+json\" class=\"yoast-schema-graph\">{\"@context\":\"https:\/\/schema.org\",\"@graph\":[{\"@type\":\"WebPage\",\"@id\":\"https:\/\/maldive.evolutiontravel.it\/infovacanze\/informazioni\/ambasciate-e-consolati\/\",\"url\":\"https:\/\/maldive.evolutiontravel.it\/infovacanze\/informazioni\/ambasciate-e-consolati\/\",\"name\":\"Recapiti di ambasciate e consolati alle Maldive - Evolution Travel\",\"isPartOf\":{\"@id\":\"https:\/\/maldive.evolutiontravel.it\/infovacanze\/#website\"},\"datePublished\":\"2013-08-15T13:48:42+00:00\",\"dateModified\":\"2017-12-19T09:10:32+00:00\",\"description\":\"Riferimenti utili e recapiti di ambasciate e consolati alle Maldive. Numeri utili da portare con voi o lasciare ad amici e parenti.\",\"breadcrumb\":{\"@id\":\"https:\/\/maldive.evolutiontravel.it\/infovacanze\/informazioni\/ambasciate-e-consolati\/#breadcrumb\"},\"inLanguage\":\"it-IT\",\"potentialAction\":[{\"@type\":\"ReadAction\",\"target\":[\"https:\/\/maldive.evolutiontravel.it\/infovacanze\/informazioni\/ambasciate-e-consolati\/\"]}]},{\"@type\":\"BreadcrumbList\",\"@id\":\"https:\/\/maldive.evolutiontravel.it\/infovacanze\/informazioni\/ambasciate-e-consolati\/#breadcrumb\",\"itemListElement\":[{\"@type\":\"ListItem\",\"position\":1,\"name\":\"Informazioni utili sulle Maldive\",\"item\":\"https:\/\/maldive.evolutiontravel.it\/infovacanze\/informazioni\/\"},{\"@type\":\"ListItem\",\"position\":2,\"name\":\"Ambasciate e Consolati\"}]},{\"@type\":\"WebSite\",\"@id\":\"https:\/\/maldive.evolutiontravel.it\/infovacanze\/#website\",\"url\":\"https:\/\/maldive.evolutiontravel.it\/infovacanze\/\",\"name\":\"Maldive\",\"description\":\"\",\"potentialAction\":[{\"@type\":\"SearchAction\",\"target\":{\"@type\":\"EntryPoint\",\"urlTemplate\":\"https:\/\/maldive.evolutiontravel.it\/infovacanze\/?s={search_term_string}\"},\"query-input\":\"required name=search_term_string\"}],\"inLanguage\":\"it-IT\"}]}<\/script>\n<!-- \/ Yoast SEO plugin. -->","yoast_head_json":{"title":"Recapiti di ambasciate e consolati alle Maldive - Evolution Travel","description":"Riferimenti utili e recapiti di ambasciate e consolati alle Maldive. Numeri utili da portare con voi o lasciare ad amici e parenti.","robots":{"index":"index","follow":"follow","max-snippet":"max-snippet:-1","max-image-preview":"max-image-preview:large","max-video-preview":"max-video-preview:-1"},"canonical":"https:\/\/maldive.evolutiontravel.it\/infovacanze\/informazioni\/ambasciate-e-consolati\/","twitter_misc":{"Tempo di lettura stimato":"1 minuto"},"schema":{"@context":"https:\/\/schema.org","@graph":[{"@type":"WebPage","@id":"https:\/\/maldive.evolutiontravel.it\/infovacanze\/informazioni\/ambasciate-e-consolati\/","url":"https:\/\/maldive.evolutiontravel.it\/infovacanze\/informazioni\/ambasciate-e-consolati\/","name":"Recapiti di ambasciate e consolati alle Maldive - Evolution Travel","isPartOf":{"@id":"https:\/\/maldive.evolutiontravel.it\/infovacanze\/#website"},"datePublished":"2013-08-15T13:48:42+00:00","dateModified":"2017-12-19T09:10:32+00:00","description":"Riferimenti utili e recapiti di ambasciate e consolati alle Maldive. Numeri utili da portare con voi o lasciare ad amici e parenti.","breadcrumb":{"@id":"https:\/\/maldive.evolutiontravel.it\/infovacanze\/informazioni\/ambasciate-e-consolati\/#breadcrumb"},"inLanguage":"it-IT","potentialAction":[{"@type":"ReadAction","target":["https:\/\/maldive.evolutiontravel.it\/infovacanze\/informazioni\/ambasciate-e-consolati\/"]}]},{"@type":"BreadcrumbList","@id":"https:\/\/maldive.evolutiontravel.it\/infovacanze\/informazioni\/ambasciate-e-consolati\/#breadcrumb","itemListElement":[{"@type":"ListItem","position":1,"name":"Informazioni utili sulle Maldive","item":"https:\/\/maldive.evolutiontravel.it\/infovacanze\/informazioni\/"},{"@type":"ListItem","position":2,"name":"Ambasciate e Consolati"}]},{"@type":"WebSite","@id":"https:\/\/maldive.evolutiontravel.it\/infovacanze\/#website","url":"https:\/\/maldive.evolutiontravel.it\/infovacanze\/","name":"Maldive","description":"","potentialAction":[{"@type":"SearchAction","target":{"@type":"EntryPoint","urlTemplate":"https:\/\/maldive.evolutiontravel.it\/infovacanze\/?s={search_term_string}"},"query-input":"required name=search_term_string"}],"inLanguage":"it-IT"}]}},"_links":{"self":[{"href":"https:\/\/maldive.evolutiontravel.it\/infovacanze\/wp-json\/wp\/v2\/pages\/47"}],"collection":[{"href":"https:\/\/maldive.evolutiontravel.it\/infovacanze\/wp-json\/wp\/v2\/pages"}],"about":[{"href":"https:\/\/maldive.evolutiontravel.it\/infovacanze\/wp-json\/wp\/v2\/types\/page"}],"author":[{"embeddable":true,"href":"https:\/\/maldive.evolutiontravel.it\/infovacanze\/wp-json\/wp\/v2\/users\/1"}],"replies":[{"embeddable":true,"href":"https:\/\/maldive.evolutiontravel.it\/infovacanze\/wp-json\/wp\/v2\/comments?post=47"}],"version-history":[{"count":9,"href":"https:\/\/maldive.evolutiontravel.it\/infovacanze\/wp-json\/wp\/v2\/pages\/47\/revisions"}],"predecessor-version":[{"id":918,"href":"https:\/\/maldive.evolutiontravel.it\/infovacanze\/wp-json\/wp\/v2\/pages\/47\/revisions\/918"}],"up":[{"embeddable":true,"href":"https:\/\/maldive.evolutiontravel.it\/infovacanze\/wp-json\/wp\/v2\/pages\/12"}],"wp:attachment":[{"href":"https:\/\/maldive.evolutiontravel.it\/infovacanze\/wp-json\/wp\/v2\/media?parent=47"}],"curies":[{"name":"wp","href":"https:\/\/api.w.org\/{rel}","templated":true}]}}