{"id":106,"date":"2013-08-19T12:00:16","date_gmt":"2013-08-19T10:00:16","guid":{"rendered":"http:\/\/maldive.evolutiontravel.it\/infovacanze\/?page_id=106"},"modified":"2017-12-20T09:47:36","modified_gmt":"2017-12-20T08:47:36","slug":"clima-a-novembre","status":"publish","type":"page","link":"https:\/\/maldive.evolutiontravel.it\/infovacanze\/clima\/clima-a-novembre\/","title":{"rendered":"Meteo incerto ma vacanze pi\u00f9 economiche a novembre"},"content":{"rendered":"<p align=\"justify\">Se state cercando le <strong>condizioni meteo pi\u00f9 favoreli<\/strong> per una vacanza alle <strong>Maldive<\/strong>, <strong>novembre<\/strong> \u00e8 il mese ideale, almeno <strong>in termini di costi<\/strong>. E&#8217; la <strong>stagione umida<\/strong>, quella che \u00e8 partita a maggio e si sta avviando alla fine proprio in questo mese.<\/p>\n<p align=\"justify\">Per farvi un\u2019idea sappiate che le Maldive sono caratterizzate da un\u00a0clima monsonico\u00a0che prevede <strong>due tipologie di stagioni<\/strong>: un\u00a0inverno asciutto\u00a0e cio\u00e8 la stagione secca\u00a0ed un\u2019estate umida, appunto la stagione delle piogge.<\/p>\n<p align=\"justify\">Verso la <strong>met\u00e0 di novembre<\/strong> il tempo inizia a cambiare perch\u00e9 ci si sta spostando verso il periodo migliore per visitare questi\u00a0atolli\u00a0dell\u2019Oceano Indiano: la stagione secca prevede infatti minori\u00a0precipitazioni\u00a0e quindi minore\u00a0umidit\u00e0\u00a0oltre che un\u00a0caldo\u00a0meno intenso.<\/p>\n<p align=\"justify\"><strong>A novembre la pioggia inizia un po\u2019 a diminuire<\/strong> ma il tasso di umidit\u00e0 ancora si sente.<\/p>\n<p align=\"justify\"><img loading=\"lazy\" decoding=\"async\" class=\"size-medium wp-image-341 alignright\" src=\"https:\/\/maldive.evolutiontravel.it\/infovacanze\/wp-content\/uploads\/sites\/14\/2014\/01\/maldives-hotel-300x200.jpg\" alt=\"Maldive\" width=\"300\" height=\"200\" srcset=\"https:\/\/maldive.evolutiontravel.it\/infovacanze\/wp-content\/uploads\/sites\/14\/2014\/01\/maldives-hotel-300x200.jpg 300w, https:\/\/maldive.evolutiontravel.it\/infovacanze\/wp-content\/uploads\/sites\/14\/2014\/01\/maldives-hotel-1024x682.jpg 1024w, https:\/\/maldive.evolutiontravel.it\/infovacanze\/wp-content\/uploads\/sites\/14\/2014\/01\/maldives-hotel-450x300.jpg 450w, https:\/\/maldive.evolutiontravel.it\/infovacanze\/wp-content\/uploads\/sites\/14\/2014\/01\/maldives-hotel.jpg 1200w\" sizes=\"(max-width: 300px) 100vw, 300px\" \/>In generale le Maldive hanno comunque un clima piacevole tutto l\u2019anno: il fatto stesso che le isole di cui \u00e8 composta questa repubblica siano cos\u00ec piccole, fa s\u00ec che la\u00a0brezza monsonica\u00a0rinfreschi facilmente l\u2019aria rendendo il caldo pi\u00f9 accettabile.<\/p>\n<p align=\"justify\">Le\u00a0<strong>temperature medie<\/strong>\u00a0annue sono sempre gradevoli, intorno ai 28\u00b0 e raramente scendono sotto dei minimi o massimi difficili da sopportare: un esempio di temperatura bassa \u00e8 ad esempio 17,2\u00b0 mentre verso l\u2019altro non si superano i 36,8\u00b0.<\/p>\n<p align=\"justify\">Tenete conto del fatto che la caratteristica pi\u00f9 evidente \u00e8 l\u2019<strong>instabilit\u00e0 del clima<\/strong>. Se avete deciso di partire a novembre sarebbe per\u00f2 preferibile soggiornare per due, o ancora meglio, tre settimane. Cos\u00ec facendo, qualora capitassero delle brutte giornate, avreste comunque l\u2019opportunit\u00e0 di godervene altre di sole splendente.<\/p>\n<p align=\"justify\">In questo mese potrete inoltre <strong>approfittare di ottime\u00a0offerte<\/strong>: siamo in\u00a0bassa stagione\u00a0quindi le\u00a0tariffe\u00a0sono scontate. Un altro\u00a0vantaggio\u00a0di partire in questo momento \u00e8 la possibilit\u00e0 di godersi questi territori da sogno senza troppi turisti intorno: la maggior parte dei viaggiatori si reca alle Maldive da dicembre ad aprile, soprattutto a ridosso della vacanze natalizie e di Capodanno.<\/p>\n<p align=\"justify\">La temperatura del\u00a0mare\u00a0si assesta tutto l\u2019anno sui 28\u00b0 con punte di 32\u00b0 nelle insenature pi\u00f9 nascoste dove l\u2019acqua \u00e8 pi\u00f9 bassa e quindi anche pi\u00f9 calda: un paradiso quindi anche a novembre. L\u2019unico inconveniente potrebbe essere un mare pi\u00f9 mosso.<\/p>\n<p>Leggi anche gli <strong>altri articoli dedicati alle condizioni meteo sull&#8217;arcipelago mese per mese, <\/strong>potresti trovare altre informazioni utili per organizzare la tua vacanza in base alle stagioni:<\/p>\n<ul>\n<li><a href=\"http:\/\/maldive.evolutiontravel.it\/infovacanze\/clima\/clima-a-dicembre\/\"><u>Dicembre<\/u><\/a><\/li>\n<li><a href=\"https:\/\/maldive.evolutiontravel.it\/infovacanze\/clima\/gennaio\/\"><u>Gennaio<\/u><\/a><\/li>\n<li><a href=\"http:\/\/maldive.evolutiontravel.it\/infovacanze\/clima\/clima-a-maggio\/\"><u>Maggio<\/u><\/a><\/li>\n<li><a href=\"http:\/\/maldive.evolutiontravel.it\/infovacanze\/clima\/clima-a-luglio\/\"><u>Luglio<\/u><\/a><\/li>\n<li><a href=\"http:\/\/maldive.evolutiontravel.it\/infovacanze\/viaggi\/maldive-ad-agosto\/\"><u>Agosto<\/u><\/a><\/li>\n<li><a href=\"http:\/\/maldive.evolutiontravel.it\/infovacanze\/clima\/maldive-settembre\/\"><u>Settembre<\/u><\/a><\/li>\n<li><a href=\"https:\/\/maldive.evolutiontravel.it\/infovacanze\/clima\/clima-ad-ottobre\/\"><u>Ottobre<\/u><\/a><\/li>\n<\/ul>\n<h3 style=\"text-align: center\"><strong>Offerte viaggi e vacanze alle Maldive<\/strong><\/h3>\n<p><strong><span style=\"color: #008000\">CLICCA E SCOPRI<\/span> <\/strong>tutti i dettagli del viaggio per questa destinazione: non farti sfuggire<strong> le occasioni di risparmio<\/strong> per una vacanza da sogno!<\/p>\n<div class=\"feedzy-01b4559bb7ec39e82813e11994521534 feedzy-rss\">\n\t\t<ul class=\"feedzy-style2\">\n\t\t\t\t\t<li  style=\"padding: 23px 0 38px\" class=\"rss_item feedzy-rss-col-3\" >\n\t\t\t\t\t\t\t\t\t<div class=\"rss_image\" style=\"width:225px; height:225px;\">\n\t\t\t\t\t\t<a href=\"https:\/\/maldive.evolutiontravel.it\/it_IT\/897\/tab\/29914_angaga-island-resort.html\" target=\"_blank\" \n\t\t\t\t\t\t\trel=\"noopener \"\n\t\t\t\t\t\t\ttitle=\"Angaga Island Resort\"\n\t\t\t\t\t\t\tstyle=\"width:225px; height:225px;\">\n\t\t\t\t\t\t\t<span class=\"fetched\" style=\"background-image:  url('http:\/\/etcdn.net\/thumbnails\/29914\/it-atollo-di-ari-angaga-island-resort-7bf76.jpg');\" title=\"Angaga Island Resort\"><\/span><amp-img width=\"225\" height=\"225\" src=\"http:\/\/etcdn.net\/thumbnails\/29914\/it-atollo-di-ari-angaga-island-resort-7bf76.jpg\">\t\t\t\t\t\t<\/a>\n\t\t\t\t\t<\/div>\n\t\t\t\t\t\t\t\t<div class=\"rss_content_wrap\">\n\t\t\t\t\t<span class=\"title\">\n\t\t\t\t\t\t<a href=\"https:\/\/maldive.evolutiontravel.it\/it_IT\/897\/tab\/29914_angaga-island-resort.html\" target=\"_blank\"  rel=\"noopener \">\n\t\t\t\t\t\t\tAngaga Island Resort\t\t\t\t\t\t<\/a>\n\t\t\t\t\t<\/span>\n\t\t\t\t\t<div class=\"rss_content\"\n\t\t\t\t\t\t\tstyle=\"\">\n\t\t\t\t\t\t\n\t\t\t\t\t\t\t\t\t\t\t\t<p class=\"description\">Classica isola rotonda, bellissima spiaggia, splendida laguna e barriera corallina a poche pinnate dalla riva , Angaga ha [&hellip;]<\/p>\n\t\t\t\t\t\t\n\t\t\t\t\t\t\t\t\t\t\t\t\t\t\t\t\t\t\t<div class=\"price-wrap\">\n\t\t\t\t\t\t\t\t<a href=\"https:\/\/maldive.evolutiontravel.it\/it_IT\/897\/tab\/29914_angaga-island-resort.html\" target=\"_blank\" rel=\"noopener\"><button class=\"price\"> 1810<\/button><\/a>\n\t\t\t\t\t\t\t<\/div>\n\t\t\t\t\t\t\t\t\t\t\t<\/div>\n\t\t\t\t<\/div>\n\t\t\t<\/li>\n\t\t\t\t\t\t<li  style=\"padding: 23px 0 38px\" class=\"rss_item feedzy-rss-col-3\" >\n\t\t\t\t\t\t\t\t\t<div class=\"rss_image\" style=\"width:225px; height:225px;\">\n\t\t\t\t\t\t<a href=\"https:\/\/maldive.evolutiontravel.it\/it_IT\/897\/tab\/6018_my-dhonkamana-5-stelle.html\" target=\"_blank\" \n\t\t\t\t\t\t\trel=\"noopener \"\n\t\t\t\t\t\t\ttitle=\"M\/Y Dhonkamana 5 stelle\"\n\t\t\t\t\t\t\tstyle=\"width:225px; height:225px;\">\n\t\t\t\t\t\t\t<span class=\"fetched\" style=\"background-image:  url('http:\/\/etcdn.net\/thumbnails\/6018\/it-maldive-my-dhonkamana-5-stelle-4c226.jpg');\" title=\"M\/Y Dhonkamana 5 stelle\"><\/span><amp-img width=\"225\" height=\"225\" src=\"http:\/\/etcdn.net\/thumbnails\/6018\/it-maldive-my-dhonkamana-5-stelle-4c226.jpg\">\t\t\t\t\t\t<\/a>\n\t\t\t\t\t<\/div>\n\t\t\t\t\t\t\t\t<div class=\"rss_content_wrap\">\n\t\t\t\t\t<span class=\"title\">\n\t\t\t\t\t\t<a href=\"https:\/\/maldive.evolutiontravel.it\/it_IT\/897\/tab\/6018_my-dhonkamana-5-stelle.html\" target=\"_blank\"  rel=\"noopener \">\n\t\t\t\t\t\t\tM\/Y Dhonkamana 5 stelle\t\t\t\t\t\t<\/a>\n\t\t\t\t\t<\/span>\n\t\t\t\t\t<div class=\"rss_content\"\n\t\t\t\t\t\t\tstyle=\"\">\n\t\t\t\t\t\t\n\t\t\t\t\t\t\t\t\t\t\t\t<p class=\"description\">Alla scoperta degliatolli maldiviani pi\u00f9 remoti con un'imbarcazione davvero confortevole lunga 31 metri con centro benessere e [&hellip;]<\/p>\n\t\t\t\t\t\t\n\t\t\t\t\t\t\t\t\t\t\t\t\t\t\t\t\t\t\t<div class=\"price-wrap\">\n\t\t\t\t\t\t\t\t<a href=\"https:\/\/maldive.evolutiontravel.it\/it_IT\/897\/tab\/6018_my-dhonkamana-5-stelle.html\" target=\"_blank\" rel=\"noopener\"><button class=\"price\"> 1581<\/button><\/a>\n\t\t\t\t\t\t\t<\/div>\n\t\t\t\t\t\t\t\t\t\t\t<\/div>\n\t\t\t\t<\/div>\n\t\t\t<\/li>\n\t\t\t\t\t\t<li  style=\"padding: 23px 0 38px\" class=\"rss_item feedzy-rss-col-3\" >\n\t\t\t\t\t\t\t\t\t<div class=\"rss_image\" style=\"width:225px; height:225px;\">\n\t\t\t\t\t\t<a href=\"https:\/\/maldive.evolutiontravel.it\/it_IT\/897\/tab\/40858_avventura-di-pesca-tra-gli-atolli-meno-esplorati.html\" target=\"_blank\" \n\t\t\t\t\t\t\trel=\"noopener \"\n\t\t\t\t\t\t\ttitle=\"Avventura di pesca tra gli atolli meno esplorati\"\n\t\t\t\t\t\t\tstyle=\"width:225px; height:225px;\">\n\t\t\t\t\t\t\t<span class=\"fetched\" style=\"background-image:  url('http:\/\/etcdn.net\/thumbnails\/40858\/it-maldive-avventura-di-pesca-tra-gli-atolli-meno-esplorati-83afd.jpg');\" title=\"Avventura di pesca tra gli atolli meno esplorati\"><\/span><amp-img width=\"225\" height=\"225\" src=\"http:\/\/etcdn.net\/thumbnails\/40858\/it-maldive-avventura-di-pesca-tra-gli-atolli-meno-esplorati-83afd.jpg\">\t\t\t\t\t\t<\/a>\n\t\t\t\t\t<\/div>\n\t\t\t\t\t\t\t\t<div class=\"rss_content_wrap\">\n\t\t\t\t\t<span class=\"title\">\n\t\t\t\t\t\t<a href=\"https:\/\/maldive.evolutiontravel.it\/it_IT\/897\/tab\/40858_avventura-di-pesca-tra-gli-atolli-meno-esplorati.html\" target=\"_blank\"  rel=\"noopener \">\n\t\t\t\t\t\t\tAvventura di pesca tra gli atolli meno esplorati\t\t\t\t\t\t<\/a>\n\t\t\t\t\t<\/span>\n\t\t\t\t\t<div class=\"rss_content\"\n\t\t\t\t\t\t\tstyle=\"\">\n\t\t\t\t\t\t\n\t\t\t\t\t\t\t\t\t\t\t\t<p class=\"description\">Pescare in paradiso e vivere l'avventura<\/p>\n\t\t\t\t\t\t\n\t\t\t\t\t\t\t\t\t\t\t\t\t\t\t\t\t\t\t<div class=\"price-wrap\">\n\t\t\t\t\t\t\t\t<a href=\"https:\/\/maldive.evolutiontravel.it\/it_IT\/897\/tab\/40858_avventura-di-pesca-tra-gli-atolli-meno-esplorati.html\" target=\"_blank\" rel=\"noopener\"><button class=\"price\"> 2750<\/button><\/a>\n\t\t\t\t\t\t\t<\/div>\n\t\t\t\t\t\t\t\t\t\t\t<\/div>\n\t\t\t\t<\/div>\n\t\t\t<\/li>\n\t\t\t\t\t\t<li  style=\"padding: 23px 0 38px\" class=\"rss_item feedzy-rss-col-3\" >\n\t\t\t\t\t\t\t\t\t<div class=\"rss_image\" style=\"width:225px; height:225px;\">\n\t\t\t\t\t\t<a href=\"https:\/\/maldive.evolutiontravel.it\/it_IT\/897\/tab\/34428_filitheyo-island-resort.html\" target=\"_blank\" \n\t\t\t\t\t\t\trel=\"noopener \"\n\t\t\t\t\t\t\ttitle=\"Filitheyo Island Resort\"\n\t\t\t\t\t\t\tstyle=\"width:225px; height:225px;\">\n\t\t\t\t\t\t\t<span class=\"fetched\" style=\"background-image:  url('http:\/\/etcdn.net\/thumbnails\/34428\/it-atollo-di-faafu-filitheyo-island-resort-688ad.jpg');\" title=\"Filitheyo Island Resort\"><\/span><amp-img width=\"225\" height=\"225\" src=\"http:\/\/etcdn.net\/thumbnails\/34428\/it-atollo-di-faafu-filitheyo-island-resort-688ad.jpg\">\t\t\t\t\t\t<\/a>\n\t\t\t\t\t<\/div>\n\t\t\t\t\t\t\t\t<div class=\"rss_content_wrap\">\n\t\t\t\t\t<span class=\"title\">\n\t\t\t\t\t\t<a href=\"https:\/\/maldive.evolutiontravel.it\/it_IT\/897\/tab\/34428_filitheyo-island-resort.html\" target=\"_blank\"  rel=\"noopener \">\n\t\t\t\t\t\t\tFilitheyo Island Resort\t\t\t\t\t\t<\/a>\n\t\t\t\t\t<\/span>\n\t\t\t\t\t<div class=\"rss_content\"\n\t\t\t\t\t\t\tstyle=\"\">\n\t\t\t\t\t\t\n\t\t\t\t\t\t\t\t\t\t\t\t<p class=\"description\">Un'isola di medie dimensioni nell'atollo di Faafu, a 120 Km da Male raggiungibile in circa 35 minuti di idrovolante. [&hellip;]<\/p>\n\t\t\t\t\t\t\n\t\t\t\t\t\t\t\t\t\t\t\t\t\t\t\t\t\t\t<div class=\"price-wrap\">\n\t\t\t\t\t\t\t\t<a href=\"https:\/\/maldive.evolutiontravel.it\/it_IT\/897\/tab\/34428_filitheyo-island-resort.html\" target=\"_blank\" rel=\"noopener\"><button class=\"price\"> 1890<\/button><\/a>\n\t\t\t\t\t\t\t<\/div>\n\t\t\t\t\t\t\t\t\t\t\t<\/div>\n\t\t\t\t<\/div>\n\t\t\t<\/li>\n\t\t\t\t\t\t<li  style=\"padding: 23px 0 38px\" class=\"rss_item feedzy-rss-col-3\" >\n\t\t\t\t\t\t\t\t\t<div class=\"rss_image\" style=\"width:225px; height:225px;\">\n\t\t\t\t\t\t<a href=\"https:\/\/maldive.evolutiontravel.it\/it_IT\/897\/tab\/34657_thulhagiri-island-resort.html\" target=\"_blank\" \n\t\t\t\t\t\t\trel=\"noopener \"\n\t\t\t\t\t\t\ttitle=\"Thulhagiri Island Resort\"\n\t\t\t\t\t\t\tstyle=\"width:225px; height:225px;\">\n\t\t\t\t\t\t\t<span class=\"fetched\" style=\"background-image:  url('http:\/\/etcdn.net\/thumbnails\/34657\/it-atollo-di-male-nord-thulhagiri-island-resort-8177e.jpg');\" title=\"Thulhagiri Island Resort\"><\/span><amp-img width=\"225\" height=\"225\" src=\"http:\/\/etcdn.net\/thumbnails\/34657\/it-atollo-di-male-nord-thulhagiri-island-resort-8177e.jpg\">\t\t\t\t\t\t<\/a>\n\t\t\t\t\t<\/div>\n\t\t\t\t\t\t\t\t<div class=\"rss_content_wrap\">\n\t\t\t\t\t<span class=\"title\">\n\t\t\t\t\t\t<a href=\"https:\/\/maldive.evolutiontravel.it\/it_IT\/897\/tab\/34657_thulhagiri-island-resort.html\" target=\"_blank\"  rel=\"noopener \">\n\t\t\t\t\t\t\tThulhagiri Island Resort\t\t\t\t\t\t<\/a>\n\t\t\t\t\t<\/span>\n\t\t\t\t\t<div class=\"rss_content\"\n\t\t\t\t\t\t\tstyle=\"\">\n\t\t\t\t\t\t\n\t\t\t\t\t\t\t\t\t\t\t\t<p class=\"description\">Il Thulhagiri Island Resort \u00e8 situato nell'atollo di Male Nord, a circa 25 minuti di barca veloce dall'aeroporto, il resort si [&hellip;]<\/p>\n\t\t\t\t\t\t\n\t\t\t\t\t\t\t\t\t\t\t\t\t\t\t\t\t\t\t<div class=\"price-wrap\">\n\t\t\t\t\t\t\t\t<a href=\"https:\/\/maldive.evolutiontravel.it\/it_IT\/897\/tab\/34657_thulhagiri-island-resort.html\" target=\"_blank\" rel=\"noopener\"><button class=\"price\"> 1550<\/button><\/a>\n\t\t\t\t\t\t\t<\/div>\n\t\t\t\t\t\t\t\t\t\t\t<\/div>\n\t\t\t\t<\/div>\n\t\t\t<\/li>\n\t\t\t\t\t\t<li  style=\"padding: 23px 0 38px\" class=\"rss_item feedzy-rss-col-3\" >\n\t\t\t\t\t\t\t\t\t<div class=\"rss_image\" style=\"width:225px; height:225px;\">\n\t\t\t\t\t\t<a href=\"https:\/\/maldive.evolutiontravel.it\/it_IT\/897\/tab\/40165_ayada-maldives.html\" target=\"_blank\" \n\t\t\t\t\t\t\trel=\"noopener \"\n\t\t\t\t\t\t\ttitle=\"Ayada Maldives\"\n\t\t\t\t\t\t\tstyle=\"width:225px; height:225px;\">\n\t\t\t\t\t\t\t<span class=\"fetched\" style=\"background-image:  url('http:\/\/etcdn.net\/thumbnails\/40165\/it-maldive-ayada-maldives-7f9b1.jpg');\" title=\"Ayada Maldives\"><\/span><amp-img width=\"225\" height=\"225\" src=\"http:\/\/etcdn.net\/thumbnails\/40165\/it-maldive-ayada-maldives-7f9b1.jpg\">\t\t\t\t\t\t<\/a>\n\t\t\t\t\t<\/div>\n\t\t\t\t\t\t\t\t<div class=\"rss_content_wrap\">\n\t\t\t\t\t<span class=\"title\">\n\t\t\t\t\t\t<a href=\"https:\/\/maldive.evolutiontravel.it\/it_IT\/897\/tab\/40165_ayada-maldives.html\" target=\"_blank\"  rel=\"noopener \">\n\t\t\t\t\t\t\tAyada Maldives\t\t\t\t\t\t<\/a>\n\t\t\t\t\t<\/span>\n\t\t\t\t\t<div class=\"rss_content\"\n\t\t\t\t\t\t\tstyle=\"\">\n\t\t\t\t\t\t\n\t\t\t\t\t\t\t\t\t\t\t\t<p class=\"description\">Situato su una bellissima isola privata con spiagge incontaminate e lussureggiante vegetazione tropicale, Ayada Maldives offre un [&hellip;]<\/p>\n\t\t\t\t\t\t\n\t\t\t\t\t\t\t\t\t\t\t\t\t\t\t\t\t\t\t<div class=\"price-wrap\">\n\t\t\t\t\t\t\t\t<a href=\"https:\/\/maldive.evolutiontravel.it\/it_IT\/897\/tab\/40165_ayada-maldives.html\" target=\"_blank\" rel=\"noopener\"><button class=\"price\"> 3520<\/button><\/a>\n\t\t\t\t\t\t\t<\/div>\n\t\t\t\t\t\t\t\t\t\t\t<\/div>\n\t\t\t\t<\/div>\n\t\t\t<\/li>\n\t\t\t\t<\/ul>\n<\/div>\n<style type=\"text\/css\" media=\"all\">.feedzy-rss .rss_item .rss_image{float:left;position:relative;border:none;text-decoration:none;max-width:100%}.feedzy-rss .rss_item .rss_image span{display:inline-block;position:absolute;width:100%;height:100%;background-position:50%;background-size:cover}.feedzy-rss .rss_item .rss_image{margin:.3em 1em 0 0;content-visibility:auto}.feedzy-rss ul{list-style:none}.feedzy-rss ul li{display:inline-block}<\/style>\n","protected":false},"excerpt":{"rendered":"<p>Se state cercando le condizioni meteo pi\u00f9 favoreli per una vacanza alle Maldive, novembre \u00e8 il mese ideale, almeno in termini di costi. E&#8217; la stagione umida, quella che \u00e8 partita a maggio e si sta avviando alla fine proprio in questo mese. Per farvi un\u2019idea sappiate che le Maldive sono caratterizzate da un\u00a0clima monsonico\u00a0che <a class=\"moretag\" href=\"https:\/\/maldive.evolutiontravel.it\/infovacanze\/clima\/clima-a-novembre\/\">[&#8230;]<\/a><\/p>\n","protected":false},"author":1,"featured_media":0,"parent":102,"menu_order":0,"comment_status":"closed","ping_status":"open","template":"templates\/template-with-right-sidebar.php","meta":{"footnotes":""},"yoast_head":"<!-- This site is optimized with the Yoast SEO plugin v21.9.1 - https:\/\/yoast.com\/wordpress\/plugins\/seo\/ -->\n<title>Meteo alle Maldive per le partenze di Novembre, ecco perch\u00e8 conviene<\/title>\n<meta name=\"description\" content=\"A novembre le Maldive passano dalla stagione umida a quella secca: il clima torna piano piano a stabilizzarsi. Leggi il nostro articolo!\" \/>\n<meta name=\"robots\" content=\"index, follow, max-snippet:-1, max-image-preview:large, max-video-preview:-1\" \/>\n<link rel=\"canonical\" href=\"https:\/\/maldive.evolutiontravel.it\/infovacanze\/clima\/clima-a-novembre\/\" \/>\n<meta name=\"twitter:label1\" content=\"Tempo di lettura stimato\" \/>\n\t<meta name=\"twitter:data1\" content=\"2 minuti\" \/>\n<script type=\"application\/ld+json\" class=\"yoast-schema-graph\">{\"@context\":\"https:\/\/schema.org\",\"@graph\":[{\"@type\":\"WebPage\",\"@id\":\"https:\/\/maldive.evolutiontravel.it\/infovacanze\/clima\/clima-a-novembre\/\",\"url\":\"https:\/\/maldive.evolutiontravel.it\/infovacanze\/clima\/clima-a-novembre\/\",\"name\":\"Meteo alle Maldive per le partenze di Novembre, ecco perch\u00e8 conviene\",\"isPartOf\":{\"@id\":\"https:\/\/maldive.evolutiontravel.it\/infovacanze\/#website\"},\"datePublished\":\"2013-08-19T10:00:16+00:00\",\"dateModified\":\"2017-12-20T08:47:36+00:00\",\"description\":\"A novembre le Maldive passano dalla stagione umida a quella secca: il clima torna piano piano a stabilizzarsi. Leggi il nostro articolo!\",\"breadcrumb\":{\"@id\":\"https:\/\/maldive.evolutiontravel.it\/infovacanze\/clima\/clima-a-novembre\/#breadcrumb\"},\"inLanguage\":\"it-IT\",\"potentialAction\":[{\"@type\":\"ReadAction\",\"target\":[\"https:\/\/maldive.evolutiontravel.it\/infovacanze\/clima\/clima-a-novembre\/\"]}]},{\"@type\":\"BreadcrumbList\",\"@id\":\"https:\/\/maldive.evolutiontravel.it\/infovacanze\/clima\/clima-a-novembre\/#breadcrumb\",\"itemListElement\":[{\"@type\":\"ListItem\",\"position\":1,\"name\":\"Monsoni e temperature\",\"item\":\"https:\/\/maldive.evolutiontravel.it\/infovacanze\/clima\/\"},{\"@type\":\"ListItem\",\"position\":2,\"name\":\"Meteo incerto ma vacanze pi\u00f9 economiche a novembre\"}]},{\"@type\":\"WebSite\",\"@id\":\"https:\/\/maldive.evolutiontravel.it\/infovacanze\/#website\",\"url\":\"https:\/\/maldive.evolutiontravel.it\/infovacanze\/\",\"name\":\"Maldive\",\"description\":\"\",\"potentialAction\":[{\"@type\":\"SearchAction\",\"target\":{\"@type\":\"EntryPoint\",\"urlTemplate\":\"https:\/\/maldive.evolutiontravel.it\/infovacanze\/?s={search_term_string}\"},\"query-input\":\"required name=search_term_string\"}],\"inLanguage\":\"it-IT\"}]}<\/script>\n<!-- \/ Yoast SEO plugin. -->","yoast_head_json":{"title":"Meteo alle Maldive per le partenze di Novembre, ecco perch\u00e8 conviene","description":"A novembre le Maldive passano dalla stagione umida a quella secca: il clima torna piano piano a stabilizzarsi. Leggi il nostro articolo!","robots":{"index":"index","follow":"follow","max-snippet":"max-snippet:-1","max-image-preview":"max-image-preview:large","max-video-preview":"max-video-preview:-1"},"canonical":"https:\/\/maldive.evolutiontravel.it\/infovacanze\/clima\/clima-a-novembre\/","twitter_misc":{"Tempo di lettura stimato":"2 minuti"},"schema":{"@context":"https:\/\/schema.org","@graph":[{"@type":"WebPage","@id":"https:\/\/maldive.evolutiontravel.it\/infovacanze\/clima\/clima-a-novembre\/","url":"https:\/\/maldive.evolutiontravel.it\/infovacanze\/clima\/clima-a-novembre\/","name":"Meteo alle Maldive per le partenze di Novembre, ecco perch\u00e8 conviene","isPartOf":{"@id":"https:\/\/maldive.evolutiontravel.it\/infovacanze\/#website"},"datePublished":"2013-08-19T10:00:16+00:00","dateModified":"2017-12-20T08:47:36+00:00","description":"A novembre le Maldive passano dalla stagione umida a quella secca: il clima torna piano piano a stabilizzarsi. Leggi il nostro articolo!","breadcrumb":{"@id":"https:\/\/maldive.evolutiontravel.it\/infovacanze\/clima\/clima-a-novembre\/#breadcrumb"},"inLanguage":"it-IT","potentialAction":[{"@type":"ReadAction","target":["https:\/\/maldive.evolutiontravel.it\/infovacanze\/clima\/clima-a-novembre\/"]}]},{"@type":"BreadcrumbList","@id":"https:\/\/maldive.evolutiontravel.it\/infovacanze\/clima\/clima-a-novembre\/#breadcrumb","itemListElement":[{"@type":"ListItem","position":1,"name":"Monsoni e temperature","item":"https:\/\/maldive.evolutiontravel.it\/infovacanze\/clima\/"},{"@type":"ListItem","position":2,"name":"Meteo incerto ma vacanze pi\u00f9 economiche a novembre"}]},{"@type":"WebSite","@id":"https:\/\/maldive.evolutiontravel.it\/infovacanze\/#website","url":"https:\/\/maldive.evolutiontravel.it\/infovacanze\/","name":"Maldive","description":"","potentialAction":[{"@type":"SearchAction","target":{"@type":"EntryPoint","urlTemplate":"https:\/\/maldive.evolutiontravel.it\/infovacanze\/?s={search_term_string}"},"query-input":"required name=search_term_string"}],"inLanguage":"it-IT"}]}},"_links":{"self":[{"href":"https:\/\/maldive.evolutiontravel.it\/infovacanze\/wp-json\/wp\/v2\/pages\/106"}],"collection":[{"href":"https:\/\/maldive.evolutiontravel.it\/infovacanze\/wp-json\/wp\/v2\/pages"}],"about":[{"href":"https:\/\/maldive.evolutiontravel.it\/infovacanze\/wp-json\/wp\/v2\/types\/page"}],"author":[{"embeddable":true,"href":"https:\/\/maldive.evolutiontravel.it\/infovacanze\/wp-json\/wp\/v2\/users\/1"}],"replies":[{"embeddable":true,"href":"https:\/\/maldive.evolutiontravel.it\/infovacanze\/wp-json\/wp\/v2\/comments?post=106"}],"version-history":[{"count":15,"href":"https:\/\/maldive.evolutiontravel.it\/infovacanze\/wp-json\/wp\/v2\/pages\/106\/revisions"}],"predecessor-version":[{"id":949,"href":"https:\/\/maldive.evolutiontravel.it\/infovacanze\/wp-json\/wp\/v2\/pages\/106\/revisions\/949"}],"up":[{"embeddable":true,"href":"https:\/\/maldive.evolutiontravel.it\/infovacanze\/wp-json\/wp\/v2\/pages\/102"}],"wp:attachment":[{"href":"https:\/\/maldive.evolutiontravel.it\/infovacanze\/wp-json\/wp\/v2\/media?parent=106"}],"curies":[{"name":"wp","href":"https:\/\/api.w.org\/{rel}","templated":true}]}}