{"id":1007,"date":"2018-08-16T11:02:14","date_gmt":"2018-08-16T09:02:14","guid":{"rendered":"http:\/\/maldive.evolutiontravel.it\/infovacanze\/?page_id=1007"},"modified":"2018-10-31T12:19:55","modified_gmt":"2018-10-31T11:19:55","slug":"musica","status":"publish","type":"page","link":"https:\/\/maldive.evolutiontravel.it\/infovacanze\/informazioni\/musica\/","title":{"rendered":"Musica e balli alle Maldive"},"content":{"rendered":"<p>Se desiderate trascorrere un periodo di relax in <strong>un luogo assolutamente unico ed inimitabile<\/strong>, immerso nell\u2019Oceano Indiano c\u2019\u00e8 un arcipelago straordinario che merita di essere visitato:<strong> le Maldive<\/strong>. Chi ancora non ha fatto un viaggio alle Maldive sogna di farlo, e coloro che gi\u00e0 le conoscono, sognano di ritornare quanto prima, gi\u00e0 perch\u00e9 questo vastissimo agglomerato di isole e isolotti, rimane impresso per sempre nella memoria e nel cuore.<\/p>\n<p>Nelle isole abitate, se si desidera conoscere la cultura del popolo maldiviano, si pu\u00f2 assistere ad <strong>uno spettacolo di musica e danze<\/strong> delle Maldive: il pi\u00f9 noto \u00e8 il<strong> Bodu Beru<\/strong>. Il Bodu Beru prevede l\u2019utilizzo di <strong>tamburi realizzati con legno di cocco<\/strong> e ricoperti alle estremit\u00e0 con pelle di manta o di capra, alla musica si associa la danza che viene praticata da giovani e meno giovani di entrambi i sessi, \u00e8 <strong>uno show molto particolare<\/strong> e scenografico a cui assistere.<\/p>\n<p>La fonte principale di sussistenza \u00e8 <strong>il turismo<\/strong>, ogni anno migliaia di persone decidono di fare le vacanze alle Maldive, e trovano Resort e Villaggi di varia categoria pronti ad accogliere gli ospiti in maniera cordiale e professionale. Le strutture di ricezione presenti in <a title=\"atolli maldive\" href=\"https:\/\/maldive.evolutiontravel.it\/infovacanze\/informazioni\/arcipelago\/\"><strong>tutti i suggestivi atolli<\/strong><\/a>, di Raa, Male Nord, Male Sud, Baa e Ari (per citarne solo alcuni) rispondono alle esigenze di soggiorno di famiglie con bambini, coppie che vivono la Luna di Miele alle Maldive, personaggi famosi oppure sportivi.<\/p>\n<p><a title=\"mare maldive\" href=\"https:\/\/maldive.evolutiontravel.it\/infovacanze\/turismo\/mare\/\"><strong>Il mare \u00e8 il protagonista indiscusso<\/strong><\/a>, oltre ad immersioni subacquee e snorkeling, \u00e8 possibile praticare windsurf, canoa, catamarano e pesca, la seconda fonte di reddito dell\u2019arcipelago. <strong>La cucina maldiviana<\/strong> \u00e8 molto essenziale ma gustosa e, data l\u2019abbondanza di materia prima, \u00e8 essenzialmente a base di pesce.<\/p>\n<h3 style=\"text-align: center\">Offerte viaggi e vacanze alle Maldive<\/h3>\n<p style=\"text-align: center\"><span style=\"color: #008000\"><strong>CLICCA PER VEDERE SUBITO IL PROGRAMMA DEI NOSTRI VIAGGI!<\/strong><\/span><\/p>\n<div class=\"feedzy-01b4559bb7ec39e82813e11994521534 feedzy-rss\">\n\t\t<ul class=\"feedzy-style2\">\n\t\t\t\t\t<li  style=\"padding: 23px 0 38px\" class=\"rss_item feedzy-rss-col-3\" >\n\t\t\t\t\t\t\t\t\t<div class=\"rss_image\" style=\"width:225px; height:225px;\">\n\t\t\t\t\t\t<a href=\"https:\/\/maldive.evolutiontravel.it\/it_IT\/897\/tab\/29914_angaga-island-resort.html\" target=\"_blank\" \n\t\t\t\t\t\t\trel=\"noopener \"\n\t\t\t\t\t\t\ttitle=\"Angaga Island Resort\"\n\t\t\t\t\t\t\tstyle=\"width:225px; height:225px;\">\n\t\t\t\t\t\t\t<span class=\"fetched\" style=\"background-image:  url('http:\/\/etcdn.net\/thumbnails\/29914\/it-atollo-di-ari-angaga-island-resort-7bf76.jpg');\" title=\"Angaga Island Resort\"><\/span><amp-img width=\"225\" height=\"225\" src=\"http:\/\/etcdn.net\/thumbnails\/29914\/it-atollo-di-ari-angaga-island-resort-7bf76.jpg\">\t\t\t\t\t\t<\/a>\n\t\t\t\t\t<\/div>\n\t\t\t\t\t\t\t\t<div class=\"rss_content_wrap\">\n\t\t\t\t\t<span class=\"title\">\n\t\t\t\t\t\t<a href=\"https:\/\/maldive.evolutiontravel.it\/it_IT\/897\/tab\/29914_angaga-island-resort.html\" target=\"_blank\"  rel=\"noopener \">\n\t\t\t\t\t\t\tAngaga Island Resort\t\t\t\t\t\t<\/a>\n\t\t\t\t\t<\/span>\n\t\t\t\t\t<div class=\"rss_content\"\n\t\t\t\t\t\t\tstyle=\"\">\n\t\t\t\t\t\t\n\t\t\t\t\t\t\t\t\t\t\t\t<p class=\"description\">Classica isola rotonda, bellissima spiaggia, splendida laguna e barriera corallina a poche pinnate dalla riva , Angaga ha [&hellip;]<\/p>\n\t\t\t\t\t\t\n\t\t\t\t\t\t\t\t\t\t\t\t\t\t\t\t\t\t\t<div class=\"price-wrap\">\n\t\t\t\t\t\t\t\t<a href=\"https:\/\/maldive.evolutiontravel.it\/it_IT\/897\/tab\/29914_angaga-island-resort.html\" target=\"_blank\" rel=\"noopener\"><button class=\"price\"> 1810<\/button><\/a>\n\t\t\t\t\t\t\t<\/div>\n\t\t\t\t\t\t\t\t\t\t\t<\/div>\n\t\t\t\t<\/div>\n\t\t\t<\/li>\n\t\t\t\t\t\t<li  style=\"padding: 23px 0 38px\" class=\"rss_item feedzy-rss-col-3\" >\n\t\t\t\t\t\t\t\t\t<div class=\"rss_image\" style=\"width:225px; height:225px;\">\n\t\t\t\t\t\t<a href=\"https:\/\/maldive.evolutiontravel.it\/it_IT\/897\/tab\/6018_my-dhonkamana-5-stelle.html\" target=\"_blank\" \n\t\t\t\t\t\t\trel=\"noopener \"\n\t\t\t\t\t\t\ttitle=\"M\/Y Dhonkamana 5 stelle\"\n\t\t\t\t\t\t\tstyle=\"width:225px; height:225px;\">\n\t\t\t\t\t\t\t<span class=\"fetched\" style=\"background-image:  url('http:\/\/etcdn.net\/thumbnails\/6018\/it-maldive-my-dhonkamana-5-stelle-4c226.jpg');\" title=\"M\/Y Dhonkamana 5 stelle\"><\/span><amp-img width=\"225\" height=\"225\" src=\"http:\/\/etcdn.net\/thumbnails\/6018\/it-maldive-my-dhonkamana-5-stelle-4c226.jpg\">\t\t\t\t\t\t<\/a>\n\t\t\t\t\t<\/div>\n\t\t\t\t\t\t\t\t<div class=\"rss_content_wrap\">\n\t\t\t\t\t<span class=\"title\">\n\t\t\t\t\t\t<a href=\"https:\/\/maldive.evolutiontravel.it\/it_IT\/897\/tab\/6018_my-dhonkamana-5-stelle.html\" target=\"_blank\"  rel=\"noopener \">\n\t\t\t\t\t\t\tM\/Y Dhonkamana 5 stelle\t\t\t\t\t\t<\/a>\n\t\t\t\t\t<\/span>\n\t\t\t\t\t<div class=\"rss_content\"\n\t\t\t\t\t\t\tstyle=\"\">\n\t\t\t\t\t\t\n\t\t\t\t\t\t\t\t\t\t\t\t<p class=\"description\">Alla scoperta degliatolli maldiviani pi\u00f9 remoti con un'imbarcazione davvero confortevole lunga 31 metri con centro benessere e [&hellip;]<\/p>\n\t\t\t\t\t\t\n\t\t\t\t\t\t\t\t\t\t\t\t\t\t\t\t\t\t\t<div class=\"price-wrap\">\n\t\t\t\t\t\t\t\t<a href=\"https:\/\/maldive.evolutiontravel.it\/it_IT\/897\/tab\/6018_my-dhonkamana-5-stelle.html\" target=\"_blank\" rel=\"noopener\"><button class=\"price\"> 1581<\/button><\/a>\n\t\t\t\t\t\t\t<\/div>\n\t\t\t\t\t\t\t\t\t\t\t<\/div>\n\t\t\t\t<\/div>\n\t\t\t<\/li>\n\t\t\t\t\t\t<li  style=\"padding: 23px 0 38px\" class=\"rss_item feedzy-rss-col-3\" >\n\t\t\t\t\t\t\t\t\t<div class=\"rss_image\" style=\"width:225px; height:225px;\">\n\t\t\t\t\t\t<a href=\"https:\/\/maldive.evolutiontravel.it\/it_IT\/897\/tab\/40858_avventura-di-pesca-tra-gli-atolli-meno-esplorati.html\" target=\"_blank\" \n\t\t\t\t\t\t\trel=\"noopener \"\n\t\t\t\t\t\t\ttitle=\"Avventura di pesca tra gli atolli meno esplorati\"\n\t\t\t\t\t\t\tstyle=\"width:225px; height:225px;\">\n\t\t\t\t\t\t\t<span class=\"fetched\" style=\"background-image:  url('http:\/\/etcdn.net\/thumbnails\/40858\/it-maldive-avventura-di-pesca-tra-gli-atolli-meno-esplorati-83afd.jpg');\" title=\"Avventura di pesca tra gli atolli meno esplorati\"><\/span><amp-img width=\"225\" height=\"225\" src=\"http:\/\/etcdn.net\/thumbnails\/40858\/it-maldive-avventura-di-pesca-tra-gli-atolli-meno-esplorati-83afd.jpg\">\t\t\t\t\t\t<\/a>\n\t\t\t\t\t<\/div>\n\t\t\t\t\t\t\t\t<div class=\"rss_content_wrap\">\n\t\t\t\t\t<span class=\"title\">\n\t\t\t\t\t\t<a href=\"https:\/\/maldive.evolutiontravel.it\/it_IT\/897\/tab\/40858_avventura-di-pesca-tra-gli-atolli-meno-esplorati.html\" target=\"_blank\"  rel=\"noopener \">\n\t\t\t\t\t\t\tAvventura di pesca tra gli atolli meno esplorati\t\t\t\t\t\t<\/a>\n\t\t\t\t\t<\/span>\n\t\t\t\t\t<div class=\"rss_content\"\n\t\t\t\t\t\t\tstyle=\"\">\n\t\t\t\t\t\t\n\t\t\t\t\t\t\t\t\t\t\t\t<p class=\"description\">Pescare in paradiso e vivere l'avventura<\/p>\n\t\t\t\t\t\t\n\t\t\t\t\t\t\t\t\t\t\t\t\t\t\t\t\t\t\t<div class=\"price-wrap\">\n\t\t\t\t\t\t\t\t<a href=\"https:\/\/maldive.evolutiontravel.it\/it_IT\/897\/tab\/40858_avventura-di-pesca-tra-gli-atolli-meno-esplorati.html\" target=\"_blank\" rel=\"noopener\"><button class=\"price\"> 2750<\/button><\/a>\n\t\t\t\t\t\t\t<\/div>\n\t\t\t\t\t\t\t\t\t\t\t<\/div>\n\t\t\t\t<\/div>\n\t\t\t<\/li>\n\t\t\t\t\t\t<li  style=\"padding: 23px 0 38px\" class=\"rss_item feedzy-rss-col-3\" >\n\t\t\t\t\t\t\t\t\t<div class=\"rss_image\" style=\"width:225px; height:225px;\">\n\t\t\t\t\t\t<a href=\"https:\/\/maldive.evolutiontravel.it\/it_IT\/897\/tab\/34428_filitheyo-island-resort.html\" target=\"_blank\" \n\t\t\t\t\t\t\trel=\"noopener \"\n\t\t\t\t\t\t\ttitle=\"Filitheyo Island Resort\"\n\t\t\t\t\t\t\tstyle=\"width:225px; height:225px;\">\n\t\t\t\t\t\t\t<span class=\"fetched\" style=\"background-image:  url('http:\/\/etcdn.net\/thumbnails\/34428\/it-atollo-di-faafu-filitheyo-island-resort-688ad.jpg');\" title=\"Filitheyo Island Resort\"><\/span><amp-img width=\"225\" height=\"225\" src=\"http:\/\/etcdn.net\/thumbnails\/34428\/it-atollo-di-faafu-filitheyo-island-resort-688ad.jpg\">\t\t\t\t\t\t<\/a>\n\t\t\t\t\t<\/div>\n\t\t\t\t\t\t\t\t<div class=\"rss_content_wrap\">\n\t\t\t\t\t<span class=\"title\">\n\t\t\t\t\t\t<a href=\"https:\/\/maldive.evolutiontravel.it\/it_IT\/897\/tab\/34428_filitheyo-island-resort.html\" target=\"_blank\"  rel=\"noopener \">\n\t\t\t\t\t\t\tFilitheyo Island Resort\t\t\t\t\t\t<\/a>\n\t\t\t\t\t<\/span>\n\t\t\t\t\t<div class=\"rss_content\"\n\t\t\t\t\t\t\tstyle=\"\">\n\t\t\t\t\t\t\n\t\t\t\t\t\t\t\t\t\t\t\t<p class=\"description\">Un'isola di medie dimensioni nell'atollo di Faafu, a 120 Km da Male raggiungibile in circa 35 minuti di idrovolante. [&hellip;]<\/p>\n\t\t\t\t\t\t\n\t\t\t\t\t\t\t\t\t\t\t\t\t\t\t\t\t\t\t<div class=\"price-wrap\">\n\t\t\t\t\t\t\t\t<a href=\"https:\/\/maldive.evolutiontravel.it\/it_IT\/897\/tab\/34428_filitheyo-island-resort.html\" target=\"_blank\" rel=\"noopener\"><button class=\"price\"> 1890<\/button><\/a>\n\t\t\t\t\t\t\t<\/div>\n\t\t\t\t\t\t\t\t\t\t\t<\/div>\n\t\t\t\t<\/div>\n\t\t\t<\/li>\n\t\t\t\t\t\t<li  style=\"padding: 23px 0 38px\" class=\"rss_item feedzy-rss-col-3\" >\n\t\t\t\t\t\t\t\t\t<div class=\"rss_image\" style=\"width:225px; height:225px;\">\n\t\t\t\t\t\t<a href=\"https:\/\/maldive.evolutiontravel.it\/it_IT\/897\/tab\/34657_thulhagiri-island-resort.html\" target=\"_blank\" \n\t\t\t\t\t\t\trel=\"noopener \"\n\t\t\t\t\t\t\ttitle=\"Thulhagiri Island Resort\"\n\t\t\t\t\t\t\tstyle=\"width:225px; height:225px;\">\n\t\t\t\t\t\t\t<span class=\"fetched\" style=\"background-image:  url('http:\/\/etcdn.net\/thumbnails\/34657\/it-atollo-di-male-nord-thulhagiri-island-resort-8177e.jpg');\" title=\"Thulhagiri Island Resort\"><\/span><amp-img width=\"225\" height=\"225\" src=\"http:\/\/etcdn.net\/thumbnails\/34657\/it-atollo-di-male-nord-thulhagiri-island-resort-8177e.jpg\">\t\t\t\t\t\t<\/a>\n\t\t\t\t\t<\/div>\n\t\t\t\t\t\t\t\t<div class=\"rss_content_wrap\">\n\t\t\t\t\t<span class=\"title\">\n\t\t\t\t\t\t<a href=\"https:\/\/maldive.evolutiontravel.it\/it_IT\/897\/tab\/34657_thulhagiri-island-resort.html\" target=\"_blank\"  rel=\"noopener \">\n\t\t\t\t\t\t\tThulhagiri Island Resort\t\t\t\t\t\t<\/a>\n\t\t\t\t\t<\/span>\n\t\t\t\t\t<div class=\"rss_content\"\n\t\t\t\t\t\t\tstyle=\"\">\n\t\t\t\t\t\t\n\t\t\t\t\t\t\t\t\t\t\t\t<p class=\"description\">Il Thulhagiri Island Resort \u00e8 situato nell'atollo di Male Nord, a circa 25 minuti di barca veloce dall'aeroporto, il resort si [&hellip;]<\/p>\n\t\t\t\t\t\t\n\t\t\t\t\t\t\t\t\t\t\t\t\t\t\t\t\t\t\t<div class=\"price-wrap\">\n\t\t\t\t\t\t\t\t<a href=\"https:\/\/maldive.evolutiontravel.it\/it_IT\/897\/tab\/34657_thulhagiri-island-resort.html\" target=\"_blank\" rel=\"noopener\"><button class=\"price\"> 1550<\/button><\/a>\n\t\t\t\t\t\t\t<\/div>\n\t\t\t\t\t\t\t\t\t\t\t<\/div>\n\t\t\t\t<\/div>\n\t\t\t<\/li>\n\t\t\t\t\t\t<li  style=\"padding: 23px 0 38px\" class=\"rss_item feedzy-rss-col-3\" >\n\t\t\t\t\t\t\t\t\t<div class=\"rss_image\" style=\"width:225px; height:225px;\">\n\t\t\t\t\t\t<a href=\"https:\/\/maldive.evolutiontravel.it\/it_IT\/897\/tab\/40165_ayada-maldives.html\" target=\"_blank\" \n\t\t\t\t\t\t\trel=\"noopener \"\n\t\t\t\t\t\t\ttitle=\"Ayada Maldives\"\n\t\t\t\t\t\t\tstyle=\"width:225px; height:225px;\">\n\t\t\t\t\t\t\t<span class=\"fetched\" style=\"background-image:  url('http:\/\/etcdn.net\/thumbnails\/40165\/it-maldive-ayada-maldives-7f9b1.jpg');\" title=\"Ayada Maldives\"><\/span><amp-img width=\"225\" height=\"225\" src=\"http:\/\/etcdn.net\/thumbnails\/40165\/it-maldive-ayada-maldives-7f9b1.jpg\">\t\t\t\t\t\t<\/a>\n\t\t\t\t\t<\/div>\n\t\t\t\t\t\t\t\t<div class=\"rss_content_wrap\">\n\t\t\t\t\t<span class=\"title\">\n\t\t\t\t\t\t<a href=\"https:\/\/maldive.evolutiontravel.it\/it_IT\/897\/tab\/40165_ayada-maldives.html\" target=\"_blank\"  rel=\"noopener \">\n\t\t\t\t\t\t\tAyada Maldives\t\t\t\t\t\t<\/a>\n\t\t\t\t\t<\/span>\n\t\t\t\t\t<div class=\"rss_content\"\n\t\t\t\t\t\t\tstyle=\"\">\n\t\t\t\t\t\t\n\t\t\t\t\t\t\t\t\t\t\t\t<p class=\"description\">Situato su una bellissima isola privata con spiagge incontaminate e lussureggiante vegetazione tropicale, Ayada Maldives offre un [&hellip;]<\/p>\n\t\t\t\t\t\t\n\t\t\t\t\t\t\t\t\t\t\t\t\t\t\t\t\t\t\t<div class=\"price-wrap\">\n\t\t\t\t\t\t\t\t<a href=\"https:\/\/maldive.evolutiontravel.it\/it_IT\/897\/tab\/40165_ayada-maldives.html\" target=\"_blank\" rel=\"noopener\"><button class=\"price\"> 3520<\/button><\/a>\n\t\t\t\t\t\t\t<\/div>\n\t\t\t\t\t\t\t\t\t\t\t<\/div>\n\t\t\t\t<\/div>\n\t\t\t<\/li>\n\t\t\t\t<\/ul>\n<\/div>\n<style type=\"text\/css\" media=\"all\">.feedzy-rss .rss_item .rss_image{float:left;position:relative;border:none;text-decoration:none;max-width:100%}.feedzy-rss .rss_item .rss_image span{display:inline-block;position:absolute;width:100%;height:100%;background-position:50%;background-size:cover}.feedzy-rss .rss_item .rss_image{margin:.3em 1em 0 0;content-visibility:auto}.feedzy-rss ul{list-style:none}.feedzy-rss ul li{display:inline-block}<\/style>\n","protected":false},"excerpt":{"rendered":"<p>Se desiderate trascorrere un periodo di relax in un luogo assolutamente unico ed inimitabile, immerso nell\u2019Oceano Indiano c\u2019\u00e8 un arcipelago straordinario che merita di essere visitato: le Maldive. Chi ancora non ha fatto un viaggio alle Maldive sogna di farlo, e coloro che gi\u00e0 le conoscono, sognano di ritornare quanto prima, gi\u00e0 perch\u00e9 questo vastissimo <a class=\"moretag\" href=\"https:\/\/maldive.evolutiontravel.it\/infovacanze\/informazioni\/musica\/\">[&#8230;]<\/a><\/p>\n","protected":false},"author":6,"featured_media":0,"parent":12,"menu_order":0,"comment_status":"closed","ping_status":"closed","template":"templates\/template-with-right-sidebar.php","meta":{"footnotes":""},"yoast_head":"<!-- This site is optimized with the Yoast SEO plugin v21.9.1 - https:\/\/yoast.com\/wordpress\/plugins\/seo\/ -->\n<title>Musica e danze delle Maldive con lo spettacolo Bodu Beru<\/title>\n<meta name=\"description\" content=\"Scopri con noi la musica e la danza delle Maldive con lo spettacolo pi\u00f9 noto, il Bodu Beru! Leggi il nostro articolo e parti per questa destinazione!\" \/>\n<meta name=\"robots\" content=\"index, follow, max-snippet:-1, max-image-preview:large, max-video-preview:-1\" \/>\n<link rel=\"canonical\" href=\"https:\/\/maldive.evolutiontravel.it\/infovacanze\/informazioni\/musica\/\" \/>\n<meta name=\"twitter:label1\" content=\"Tempo di lettura stimato\" \/>\n\t<meta name=\"twitter:data1\" content=\"2 minuti\" \/>\n<script type=\"application\/ld+json\" class=\"yoast-schema-graph\">{\"@context\":\"https:\/\/schema.org\",\"@graph\":[{\"@type\":\"WebPage\",\"@id\":\"https:\/\/maldive.evolutiontravel.it\/infovacanze\/informazioni\/musica\/\",\"url\":\"https:\/\/maldive.evolutiontravel.it\/infovacanze\/informazioni\/musica\/\",\"name\":\"Musica e danze delle Maldive con lo spettacolo Bodu Beru\",\"isPartOf\":{\"@id\":\"https:\/\/maldive.evolutiontravel.it\/infovacanze\/#website\"},\"datePublished\":\"2018-08-16T09:02:14+00:00\",\"dateModified\":\"2018-10-31T11:19:55+00:00\",\"description\":\"Scopri con noi la musica e la danza delle Maldive con lo spettacolo pi\u00f9 noto, il Bodu Beru! Leggi il nostro articolo e parti per questa destinazione!\",\"breadcrumb\":{\"@id\":\"https:\/\/maldive.evolutiontravel.it\/infovacanze\/informazioni\/musica\/#breadcrumb\"},\"inLanguage\":\"it-IT\",\"potentialAction\":[{\"@type\":\"ReadAction\",\"target\":[\"https:\/\/maldive.evolutiontravel.it\/infovacanze\/informazioni\/musica\/\"]}]},{\"@type\":\"BreadcrumbList\",\"@id\":\"https:\/\/maldive.evolutiontravel.it\/infovacanze\/informazioni\/musica\/#breadcrumb\",\"itemListElement\":[{\"@type\":\"ListItem\",\"position\":1,\"name\":\"Informazioni utili sulle Maldive\",\"item\":\"https:\/\/maldive.evolutiontravel.it\/infovacanze\/informazioni\/\"},{\"@type\":\"ListItem\",\"position\":2,\"name\":\"Musica e balli alle Maldive\"}]},{\"@type\":\"WebSite\",\"@id\":\"https:\/\/maldive.evolutiontravel.it\/infovacanze\/#website\",\"url\":\"https:\/\/maldive.evolutiontravel.it\/infovacanze\/\",\"name\":\"Maldive\",\"description\":\"\",\"potentialAction\":[{\"@type\":\"SearchAction\",\"target\":{\"@type\":\"EntryPoint\",\"urlTemplate\":\"https:\/\/maldive.evolutiontravel.it\/infovacanze\/?s={search_term_string}\"},\"query-input\":\"required name=search_term_string\"}],\"inLanguage\":\"it-IT\"}]}<\/script>\n<!-- \/ Yoast SEO plugin. -->","yoast_head_json":{"title":"Musica e danze delle Maldive con lo spettacolo Bodu Beru","description":"Scopri con noi la musica e la danza delle Maldive con lo spettacolo pi\u00f9 noto, il Bodu Beru! Leggi il nostro articolo e parti per questa destinazione!","robots":{"index":"index","follow":"follow","max-snippet":"max-snippet:-1","max-image-preview":"max-image-preview:large","max-video-preview":"max-video-preview:-1"},"canonical":"https:\/\/maldive.evolutiontravel.it\/infovacanze\/informazioni\/musica\/","twitter_misc":{"Tempo di lettura stimato":"2 minuti"},"schema":{"@context":"https:\/\/schema.org","@graph":[{"@type":"WebPage","@id":"https:\/\/maldive.evolutiontravel.it\/infovacanze\/informazioni\/musica\/","url":"https:\/\/maldive.evolutiontravel.it\/infovacanze\/informazioni\/musica\/","name":"Musica e danze delle Maldive con lo spettacolo Bodu Beru","isPartOf":{"@id":"https:\/\/maldive.evolutiontravel.it\/infovacanze\/#website"},"datePublished":"2018-08-16T09:02:14+00:00","dateModified":"2018-10-31T11:19:55+00:00","description":"Scopri con noi la musica e la danza delle Maldive con lo spettacolo pi\u00f9 noto, il Bodu Beru! Leggi il nostro articolo e parti per questa destinazione!","breadcrumb":{"@id":"https:\/\/maldive.evolutiontravel.it\/infovacanze\/informazioni\/musica\/#breadcrumb"},"inLanguage":"it-IT","potentialAction":[{"@type":"ReadAction","target":["https:\/\/maldive.evolutiontravel.it\/infovacanze\/informazioni\/musica\/"]}]},{"@type":"BreadcrumbList","@id":"https:\/\/maldive.evolutiontravel.it\/infovacanze\/informazioni\/musica\/#breadcrumb","itemListElement":[{"@type":"ListItem","position":1,"name":"Informazioni utili sulle Maldive","item":"https:\/\/maldive.evolutiontravel.it\/infovacanze\/informazioni\/"},{"@type":"ListItem","position":2,"name":"Musica e balli alle Maldive"}]},{"@type":"WebSite","@id":"https:\/\/maldive.evolutiontravel.it\/infovacanze\/#website","url":"https:\/\/maldive.evolutiontravel.it\/infovacanze\/","name":"Maldive","description":"","potentialAction":[{"@type":"SearchAction","target":{"@type":"EntryPoint","urlTemplate":"https:\/\/maldive.evolutiontravel.it\/infovacanze\/?s={search_term_string}"},"query-input":"required name=search_term_string"}],"inLanguage":"it-IT"}]}},"_links":{"self":[{"href":"https:\/\/maldive.evolutiontravel.it\/infovacanze\/wp-json\/wp\/v2\/pages\/1007"}],"collection":[{"href":"https:\/\/maldive.evolutiontravel.it\/infovacanze\/wp-json\/wp\/v2\/pages"}],"about":[{"href":"https:\/\/maldive.evolutiontravel.it\/infovacanze\/wp-json\/wp\/v2\/types\/page"}],"author":[{"embeddable":true,"href":"https:\/\/maldive.evolutiontravel.it\/infovacanze\/wp-json\/wp\/v2\/users\/6"}],"replies":[{"embeddable":true,"href":"https:\/\/maldive.evolutiontravel.it\/infovacanze\/wp-json\/wp\/v2\/comments?post=1007"}],"version-history":[{"count":3,"href":"https:\/\/maldive.evolutiontravel.it\/infovacanze\/wp-json\/wp\/v2\/pages\/1007\/revisions"}],"predecessor-version":[{"id":1068,"href":"https:\/\/maldive.evolutiontravel.it\/infovacanze\/wp-json\/wp\/v2\/pages\/1007\/revisions\/1068"}],"up":[{"embeddable":true,"href":"https:\/\/maldive.evolutiontravel.it\/infovacanze\/wp-json\/wp\/v2\/pages\/12"}],"wp:attachment":[{"href":"https:\/\/maldive.evolutiontravel.it\/infovacanze\/wp-json\/wp\/v2\/media?parent=1007"}],"curies":[{"name":"wp","href":"https:\/\/api.w.org\/{rel}","templated":true}]}}